{"id":179,"date":"2023-11-13T18:11:23","date_gmt":"2023-11-13T18:11:23","guid":{"rendered":"https:\/\/sistemasrbt.com\/?page_id=179"},"modified":"2023-11-13T18:11:40","modified_gmt":"2023-11-13T18:11:40","slug":"enfajadoras","status":"publish","type":"page","link":"https:\/\/sistemasrbt.com\/?page_id=179","title":{"rendered":"Enfajadoras"},"content":{"rendered":"\n<p class=\"has-medium-font-size\">Disponemos de una amplia variedad de Enfajadoras autom\u00e1ticas, f\u00e1cilmente instalables en la l\u00ednea de producci\u00f3n, de tama\u00f1o compacto ofrecen una gran versatilidad, pues pueden posicionarse mediante entrada frontal o entrada lateral, con salida directa para t\u00fanel de retr\u00e1ctil posterior, el enfajado se realiza mediante bobinas portafilm autom\u00e1ticas. <\/p>\n\n\n\n<p class=\"has-medium-font-size\">El film es f\u00e1cil y r\u00e1pido de cambiar, reduciendo los tiempos de paro de la m\u00e1quina. <\/p>\n\n\n\n<p class=\"has-medium-font-size\">El sellado se realiza mediante cuchillas teflonadas calefactadas, pudiendo tener la anchura que se requiera para el tama\u00f1o de paquete que se este manipulando.<\/p>\n\n\n\n<div class=\"wp-block-columns is-layout-flex wp-container-core-columns-layout-1 wp-block-columns-is-layout-flex\">\n<div class=\"wp-block-column is-layout-flow wp-block-column-is-layout-flow\">\n<figure class=\"wp-block-image size-full is-resized\"><img loading=\"lazy\" decoding=\"async\" width=\"150\" height=\"197\" src=\"https:\/\/sistemasrbt.com\/wp-content\/uploads\/2023\/11\/626.png\" alt=\"\" class=\"wp-image-180\" style=\"width:159px;height:auto\"\/><figcaption class=\"wp-element-caption\">Modelo ELA ENTRADA LONGITUDINAL<\/figcaption><\/figure>\n<\/div>\n\n\n\n<div class=\"wp-block-column is-layout-flow wp-block-column-is-layout-flow\">\n<figure class=\"wp-block-image size-full is-resized\"><img loading=\"lazy\" decoding=\"async\" width=\"239\" height=\"167\" src=\"https:\/\/sistemasrbt.com\/wp-content\/uploads\/2023\/11\/627.png\" alt=\"\" class=\"wp-image-181\" style=\"width:288px;height:auto\"\/><figcaption class=\"wp-element-caption\">Modelo ELA ENTRADA LATERAL<\/figcaption><\/figure>\n<\/div>\n<\/div>\n","protected":false},"excerpt":{"rendered":"<p>Disponemos de una amplia variedad de Enfajadoras autom\u00e1ticas, f\u00e1cilmente instalables en la l\u00ednea de producci\u00f3n, de tama\u00f1o compacto ofrecen una gran versatilidad, pues pueden posicionarse mediante entrada frontal o entrada&#8230;<\/p>\n","protected":false},"author":1,"featured_media":0,"parent":0,"menu_order":0,"comment_status":"closed","ping_status":"closed","template":"","meta":{"_kad_post_transparent":"","_kad_post_title":"","_kad_post_layout":"","_kad_post_sidebar_id":"","_kad_post_content_style":"","_kad_post_vertical_padding":"","_kad_post_feature":"","_kad_post_feature_position":"","_kad_post_header":false,"_kad_post_footer":false,"_kad_post_classname":"","footnotes":""},"_links":{"self":[{"href":"https:\/\/sistemasrbt.com\/index.php?rest_route=\/wp\/v2\/pages\/179"}],"collection":[{"href":"https:\/\/sistemasrbt.com\/index.php?rest_route=\/wp\/v2\/pages"}],"about":[{"href":"https:\/\/sistemasrbt.com\/index.php?rest_route=\/wp\/v2\/types\/page"}],"author":[{"embeddable":true,"href":"https:\/\/sistemasrbt.com\/index.php?rest_route=\/wp\/v2\/users\/1"}],"replies":[{"embeddable":true,"href":"https:\/\/sistemasrbt.com\/index.php?rest_route=%2Fwp%2Fv2%2Fcomments&post=179"}],"version-history":[{"count":2,"href":"https:\/\/sistemasrbt.com\/index.php?rest_route=\/wp\/v2\/pages\/179\/revisions"}],"predecessor-version":[{"id":184,"href":"https:\/\/sistemasrbt.com\/index.php?rest_route=\/wp\/v2\/pages\/179\/revisions\/184"}],"wp:attachment":[{"href":"https:\/\/sistemasrbt.com\/index.php?rest_route=%2Fwp%2Fv2%2Fmedia&parent=179"}],"curies":[{"name":"wp","href":"https:\/\/api.w.org\/{rel}","templated":true}]}}