{"id":206,"date":"2023-11-26T18:58:14","date_gmt":"2023-11-26T18:58:14","guid":{"rendered":"https:\/\/sistemasrbt.com\/?page_id=206"},"modified":"2023-11-26T18:59:39","modified_gmt":"2023-11-26T18:59:39","slug":"selladora-automatica-bd","status":"publish","type":"page","link":"https:\/\/sistemasrbt.com\/?page_id=206","title":{"rendered":"SELLADORA AUTOM\u00c1TICA BD"},"content":{"rendered":"\n<div class=\"wp-block-columns is-layout-flex wp-container-core-columns-layout-1 wp-block-columns-is-layout-flex\">\n<div class=\"wp-block-column is-layout-flow wp-block-column-is-layout-flow\"><\/div>\n\n\n\n<div class=\"wp-block-column is-layout-flow wp-block-column-is-layout-flow\"><\/div>\n<\/div>\n\n\n\n<div class=\"wp-block-columns is-layout-flex wp-container-core-columns-layout-2 wp-block-columns-is-layout-flex\">\n<div class=\"wp-block-column is-layout-flow wp-block-column-is-layout-flow\">\n<p class=\"has-medium-font-size\">La Selladora BD es una m\u00e1quina selladora de bolsas y paquetes totalmente autom\u00e1tica, de tama\u00f1o compacto es&nbsp;f\u00e1cilmente auto instalable sobre l\u00ednea de producci\u00f3n sin&nbsp;requerir apenas modificaci\u00f3n de l\u00ednea \u00f3 incluso nula&nbsp;modificaci\u00f3n gracias a su soporte integrado regulable en&nbsp;altura. Construida \u00edntegramente en Acero inoxidable.<\/p>\n\n\n\n<p class=\"has-medium-font-size\">Gracias a su versatilidad la Selladora BD se puede\u00a0usar tanto individualmente, introduciendo peque\u00f1as bolsas\u00a0para su sellado, con la mano por un operario o en modo\u00a0autom\u00e1tico sobre l\u00ednea de producci\u00f3n en cinta\u00a0transportadora, para el sellado de bolsas de mayor volumen\u00a0o peso o para una mayor producci\u00f3n. En cualquier caso las\u00a0protecciones y sellado de sus partes mec\u00e1nicas permite su\u00a0uso directo sin peligro para el operario.<\/p>\n\n\n\n<p class=\"has-medium-font-size\">La Selladora BD cuenta con variador electr\u00f3nico de\u00a0velocidad para ajustar la velocidad de marcha a la l\u00ednea de\u00a0producci\u00f3n. Con una velocidad est\u00e1ndar de\u00a0 5 a 13\u00a0metros\/minuto y posibilidad de otras velocidades mayores\u00a0por prop\u00f3sito.<\/p>\n\n\n\n<p><\/p>\n<\/div>\n\n\n\n<div class=\"wp-block-column is-layout-flow wp-block-column-is-layout-flow\">\n<figure class=\"wp-block-gallery has-nested-images columns-default is-cropped wp-block-gallery-1 is-layout-flex wp-block-gallery-is-layout-flex\"><div class=\"wp-block-image\">\n<figure class=\"aligncenter size-large\"><img loading=\"lazy\" decoding=\"async\" width=\"500\" height=\"384\" src=\"https:\/\/sistemasrbt.com\/wp-content\/uploads\/2023\/11\/SELLADORA-BOLSAS-2.png\" alt=\"\" class=\"wp-image-210\" srcset=\"https:\/\/sistemasrbt.com\/wp-content\/uploads\/2023\/11\/SELLADORA-BOLSAS-2.png 500w, https:\/\/sistemasrbt.com\/wp-content\/uploads\/2023\/11\/SELLADORA-BOLSAS-2-300x230.png 300w\" sizes=\"(max-width: 500px) 100vw, 500px\" \/><\/figure><\/div>\n\n\n<figure class=\"wp-block-image size-large\"><img loading=\"lazy\" decoding=\"async\" width=\"351\" height=\"225\" src=\"https:\/\/sistemasrbt.com\/wp-content\/uploads\/2023\/11\/731.jpg\" alt=\"\" class=\"wp-image-208\" srcset=\"https:\/\/sistemasrbt.com\/wp-content\/uploads\/2023\/11\/731.jpg 351w, https:\/\/sistemasrbt.com\/wp-content\/uploads\/2023\/11\/731-300x192.jpg 300w\" sizes=\"(max-width: 351px) 100vw, 351px\" \/><\/figure>\n\n\n\n<figure class=\"wp-block-image size-large\"><img loading=\"lazy\" decoding=\"async\" width=\"351\" height=\"225\" src=\"https:\/\/sistemasrbt.com\/wp-content\/uploads\/2023\/11\/730.jpg\" alt=\"\" class=\"wp-image-207\" srcset=\"https:\/\/sistemasrbt.com\/wp-content\/uploads\/2023\/11\/730.jpg 351w, https:\/\/sistemasrbt.com\/wp-content\/uploads\/2023\/11\/730-300x192.jpg 300w\" sizes=\"(max-width: 351px) 100vw, 351px\" \/><\/figure>\n\n\n\n<figure class=\"wp-block-image size-large\"><img loading=\"lazy\" decoding=\"async\" width=\"351\" height=\"225\" src=\"https:\/\/sistemasrbt.com\/wp-content\/uploads\/2023\/11\/732.jpg\" alt=\"\" class=\"wp-image-211\" srcset=\"https:\/\/sistemasrbt.com\/wp-content\/uploads\/2023\/11\/732.jpg 351w, https:\/\/sistemasrbt.com\/wp-content\/uploads\/2023\/11\/732-300x192.jpg 300w\" sizes=\"(max-width: 351px) 100vw, 351px\" \/><\/figure>\n\n\n\n<figure class=\"wp-block-image size-large\"><img loading=\"lazy\" decoding=\"async\" width=\"351\" height=\"225\" src=\"https:\/\/sistemasrbt.com\/wp-content\/uploads\/2023\/11\/733.jpg\" alt=\"\" class=\"wp-image-212\" srcset=\"https:\/\/sistemasrbt.com\/wp-content\/uploads\/2023\/11\/733.jpg 351w, https:\/\/sistemasrbt.com\/wp-content\/uploads\/2023\/11\/733-300x192.jpg 300w\" sizes=\"(max-width: 351px) 100vw, 351px\" \/><\/figure>\n<\/figure>\n<\/div>\n<\/div>\n\n\n\n<p class=\"has-medium-font-size\"><\/p>\n\n\n\n<p><\/p>\n\n\n\n<p class=\"has-medium-font-size\">En la Selladora BD, el arrastre del producto se realiza&nbsp;mediante correas trapeciales, con regulaci\u00f3n autom\u00e1tica&nbsp;constante de presi\u00f3n que ejercen,&nbsp; de este modo gu\u00eda el&nbsp;paquete por el interior de la m\u00e1quina asegurando, la perfecta&nbsp;soldadura sin producir arrugas por sobrepresi\u00f3n o mal guiado del paquete. La banda de sellado es&nbsp; de 10 mm de anchura&nbsp;aprox.&nbsp; Y se realiza mediante bandas de acero teflonado&nbsp;autolimpiables, con una vida \u00fatil de trabajo larga y con un&nbsp;sistema de cambio r\u00e1pido, intuitivo y f\u00e1cil.<\/p>\n\n\n\n<p><\/p>\n\n\n\n<p class=\"has-medium-font-size\">La Selladora BD cuenta con regulaci\u00f3n t\u00e9rmica para&nbsp;las mordazas de soldadura integrados en el cuadro el\u00e9ctrico,&nbsp;que permite regular r\u00e1pidamente y en tiempo real la&nbsp;temperatura de sellado para conseguir la mejor banda de&nbsp;selladora posible en cada paquete o bolsa. Las mordazas&nbsp;cuenta adem\u00e1s con un sistema de refrigeraci\u00f3n pos-sellado&nbsp;integrado, para que la banda de sellado se enfri\u00e9&nbsp;r\u00e1pidamente impidiendo posibles deformaciones.<\/p>\n\n\n\n<p><\/p>\n\n\n\n<p class=\"has-medium-font-size\">La Selladora BD se presenta en un pie-soporte con&nbsp;regulaci\u00f3n de altura manual mediante manivela integrada. Se&nbsp;puede regular la altura f\u00e1cilmente con la manivela y no&nbsp;necesita de realizar ninguna otra acci\u00f3n, pues el sistema de&nbsp;regulaci\u00f3n se queda fijo autom\u00e1ticamente en la posici\u00f3n que&nbsp;se coloque con la manivela.<\/p>\n","protected":false},"excerpt":{"rendered":"<p>La Selladora BD es una m\u00e1quina selladora de bolsas y paquetes totalmente autom\u00e1tica, de tama\u00f1o compacto es&nbsp;f\u00e1cilmente auto instalable sobre l\u00ednea de producci\u00f3n sin&nbsp;requerir apenas modificaci\u00f3n de l\u00ednea \u00f3 incluso&#8230;<\/p>\n","protected":false},"author":2,"featured_media":0,"parent":97,"menu_order":0,"comment_status":"closed","ping_status":"closed","template":"","meta":{"_kad_post_transparent":"","_kad_post_title":"","_kad_post_layout":"","_kad_post_sidebar_id":"","_kad_post_content_style":"","_kad_post_vertical_padding":"","_kad_post_feature":"","_kad_post_feature_position":"","_kad_post_header":false,"_kad_post_footer":false,"_kad_post_classname":"","footnotes":""},"_links":{"self":[{"href":"https:\/\/sistemasrbt.com\/index.php?rest_route=\/wp\/v2\/pages\/206"}],"collection":[{"href":"https:\/\/sistemasrbt.com\/index.php?rest_route=\/wp\/v2\/pages"}],"about":[{"href":"https:\/\/sistemasrbt.com\/index.php?rest_route=\/wp\/v2\/types\/page"}],"author":[{"embeddable":true,"href":"https:\/\/sistemasrbt.com\/index.php?rest_route=\/wp\/v2\/users\/2"}],"replies":[{"embeddable":true,"href":"https:\/\/sistemasrbt.com\/index.php?rest_route=%2Fwp%2Fv2%2Fcomments&post=206"}],"version-history":[{"count":3,"href":"https:\/\/sistemasrbt.com\/index.php?rest_route=\/wp\/v2\/pages\/206\/revisions"}],"predecessor-version":[{"id":215,"href":"https:\/\/sistemasrbt.com\/index.php?rest_route=\/wp\/v2\/pages\/206\/revisions\/215"}],"up":[{"embeddable":true,"href":"https:\/\/sistemasrbt.com\/index.php?rest_route=\/wp\/v2\/pages\/97"}],"wp:attachment":[{"href":"https:\/\/sistemasrbt.com\/index.php?rest_route=%2Fwp%2Fv2%2Fmedia&parent=206"}],"curies":[{"name":"wp","href":"https:\/\/api.w.org\/{rel}","templated":true}]}}