{"id":243,"date":"2023-11-29T15:43:05","date_gmt":"2023-11-29T15:43:05","guid":{"rendered":"https:\/\/sistemasrbt.com\/?page_id=243"},"modified":"2023-11-29T15:56:36","modified_gmt":"2023-11-29T15:56:36","slug":"selladora-automatica-bd-2","status":"publish","type":"page","link":"https:\/\/sistemasrbt.com\/?page_id=243","title":{"rendered":"SELLADORA DE TAPAS MODELO STM-150"},"content":{"rendered":"\n<div class=\"wp-block-columns is-layout-flex wp-container-core-columns-layout-2 wp-block-columns-is-layout-flex\">\n<div class=\"wp-block-column is-layout-flow wp-block-column-is-layout-flow\">\n<p>La Selladora de tapas STM-150, es una m\u00e1quina&nbsp;compacta y semiautom\u00e1tica, pensada para el sellado de&nbsp;botes mediante op\u00e9rculos de aluminio o pl\u00e1stico.<\/p>\n\n\n\n<p>Con un funcionamiento semi-autom\u00e1tico, admite 3&nbsp;formatos est\u00e1ndar de di\u00e1metro de boca del bote, 80, 120, 150&nbsp;mm, y ligeras variaciones +\/- 5 mm de estas medidas, y una&nbsp;altura m\u00e1xima de bote de 245\/255 mm dependiendo del&nbsp;di\u00e1metro del bote seleccionado.<\/p>\n\n\n\n<p>La Selladora STM-150, cuenta con una cabeza de&nbsp;sellado calefactada mediante resistencias, y aislada del resto&nbsp;de la m\u00e1quina para evitar posible quemaduras accidentales al ser manipulada, una vez enfriada las resistencias pueden&nbsp;sustituirse r\u00e1pidamente, reduciendo considerablemente el&nbsp;tiempo para mantenimiento que la m\u00e1quina debe estar&nbsp;parada.<\/p>\n\n\n\n<p>Cuenta con su propio sistema neum\u00e1tico integrado,\u00a0con filtro y v\u00e1lvula de cierre de seguridad para una\u00a0desconexi\u00f3n de la toma de aire segura.<\/p>\n\n\n\n<p class=\"has-small-font-size\">Para usar la m\u00e1quina el operario solo debe situar los&nbsp;topes de acuerdo al tama\u00f1o de bote que vaya a sellar, regular&nbsp;la altura a dicho bote para evitar que la cabeza de sellado&nbsp;pueda deformar el bote, y accionar el encendido para que el&nbsp;cilindro baje la cabeza de sellado calefactada y proceda al&nbsp;sellado del op\u00e9rculo sobre la boca del bote de acuerdo a los&nbsp;par\u00e1metros de temperatura de fusi\u00f3n que tenga el op\u00e9rculo&nbsp;en cuesti\u00f3n. En pocos segundos quedar\u00e1 completamente&nbsp;sellado, la cabeza se retira autom\u00e1ticamente y el operario&nbsp;solo debe sacar el bote e introducir el siguiente.<\/p>\n\n\n\n<p>La Selladora STM-150, cuenta con un cuadro el\u00e9ctrico&nbsp;totalmente integrado en el chasis de la m\u00e1quina, incorpora un&nbsp;regulado de temperatura, un temporizador para elegir el&nbsp;tiempo de exposici\u00f3n que el cabezal estar\u00e1 en posici\u00f3n de&nbsp;sellado sobre el bote, seg\u00fan el tiempo que se necesite para&nbsp;sella el op\u00e9rculo, y los mecanismo de encendido, marcha de&nbsp;la m\u00e1quina y parada de emergencia.<\/p>\n<\/div>\n\n\n\n<div class=\"wp-block-column is-layout-flow wp-block-column-is-layout-flow\"><div class=\"wp-block-image\">\n<figure class=\"aligncenter size-full is-resized\"><img loading=\"lazy\" decoding=\"async\" width=\"351\" height=\"225\" src=\"https:\/\/sistemasrbt.com\/wp-content\/uploads\/2023\/11\/748-1.jpg\" alt=\"\" class=\"wp-image-245\" style=\"width:356px;height:auto\" srcset=\"https:\/\/sistemasrbt.com\/wp-content\/uploads\/2023\/11\/748-1.jpg 351w, https:\/\/sistemasrbt.com\/wp-content\/uploads\/2023\/11\/748-1-300x192.jpg 300w\" sizes=\"(max-width: 351px) 100vw, 351px\" \/><\/figure><\/div>\n\n\n<p><\/p>\n\n\n\n<p><\/p>\n\n\n\n<div class=\"wp-block-columns is-layout-flex wp-container-core-columns-layout-1 wp-block-columns-is-layout-flex\">\n<div class=\"wp-block-column is-layout-flow wp-block-column-is-layout-flow\">\n<figure class=\"wp-block-image size-full\"><img loading=\"lazy\" decoding=\"async\" width=\"351\" height=\"225\" src=\"https:\/\/sistemasrbt.com\/wp-content\/uploads\/2023\/11\/749.jpg\" alt=\"\" class=\"wp-image-246\" srcset=\"https:\/\/sistemasrbt.com\/wp-content\/uploads\/2023\/11\/749.jpg 351w, https:\/\/sistemasrbt.com\/wp-content\/uploads\/2023\/11\/749-300x192.jpg 300w\" sizes=\"(max-width: 351px) 100vw, 351px\" \/><\/figure>\n<\/div>\n\n\n\n<div class=\"wp-block-column is-layout-flow wp-block-column-is-layout-flow\">\n<figure class=\"wp-block-image size-full\"><img loading=\"lazy\" decoding=\"async\" width=\"351\" height=\"225\" src=\"https:\/\/sistemasrbt.com\/wp-content\/uploads\/2023\/11\/751.jpg\" alt=\"\" class=\"wp-image-247\" srcset=\"https:\/\/sistemasrbt.com\/wp-content\/uploads\/2023\/11\/751.jpg 351w, https:\/\/sistemasrbt.com\/wp-content\/uploads\/2023\/11\/751-300x192.jpg 300w\" sizes=\"(max-width: 351px) 100vw, 351px\" \/><\/figure>\n<\/div>\n<\/div>\n<\/div>\n<\/div>\n\n\n\n<p><\/p>\n","protected":false},"excerpt":{"rendered":"<p>La Selladora de tapas STM-150, es una m\u00e1quina&nbsp;compacta y semiautom\u00e1tica, pensada para el sellado de&nbsp;botes mediante op\u00e9rculos de aluminio o pl\u00e1stico. Con un funcionamiento semi-autom\u00e1tico, admite 3&nbsp;formatos est\u00e1ndar de di\u00e1metro&#8230;<\/p>\n","protected":false},"author":2,"featured_media":0,"parent":97,"menu_order":0,"comment_status":"closed","ping_status":"closed","template":"","meta":{"_kad_post_transparent":"","_kad_post_title":"","_kad_post_layout":"","_kad_post_sidebar_id":"","_kad_post_content_style":"","_kad_post_vertical_padding":"","_kad_post_feature":"","_kad_post_feature_position":"","_kad_post_header":false,"_kad_post_footer":false,"_kad_post_classname":"","footnotes":""},"_links":{"self":[{"href":"https:\/\/sistemasrbt.com\/index.php?rest_route=\/wp\/v2\/pages\/243"}],"collection":[{"href":"https:\/\/sistemasrbt.com\/index.php?rest_route=\/wp\/v2\/pages"}],"about":[{"href":"https:\/\/sistemasrbt.com\/index.php?rest_route=\/wp\/v2\/types\/page"}],"author":[{"embeddable":true,"href":"https:\/\/sistemasrbt.com\/index.php?rest_route=\/wp\/v2\/users\/2"}],"replies":[{"embeddable":true,"href":"https:\/\/sistemasrbt.com\/index.php?rest_route=%2Fwp%2Fv2%2Fcomments&post=243"}],"version-history":[{"count":8,"href":"https:\/\/sistemasrbt.com\/index.php?rest_route=\/wp\/v2\/pages\/243\/revisions"}],"predecessor-version":[{"id":256,"href":"https:\/\/sistemasrbt.com\/index.php?rest_route=\/wp\/v2\/pages\/243\/revisions\/256"}],"up":[{"embeddable":true,"href":"https:\/\/sistemasrbt.com\/index.php?rest_route=\/wp\/v2\/pages\/97"}],"wp:attachment":[{"href":"https:\/\/sistemasrbt.com\/index.php?rest_route=%2Fwp%2Fv2%2Fmedia&parent=243"}],"curies":[{"name":"wp","href":"https:\/\/api.w.org\/{rel}","templated":true}]}}