{"id":257,"date":"2023-11-29T16:06:36","date_gmt":"2023-11-29T16:06:36","guid":{"rendered":"https:\/\/sistemasrbt.com\/?page_id=257"},"modified":"2023-11-29T17:30:59","modified_gmt":"2023-11-29T17:30:59","slug":"soldadora-de-sacos-en-continuo-bdhc-4","status":"publish","type":"page","link":"https:\/\/sistemasrbt.com\/?page_id=257","title":{"rendered":"SOLDADORA DE SACOS EN CONTINUO BDHC-4"},"content":{"rendered":"\n<div class=\"wp-block-columns is-layout-flex wp-container-core-columns-layout-3 wp-block-columns-is-layout-flex\">\n<div class=\"wp-block-column is-layout-flow wp-block-column-is-layout-flow\">\n<p>La Soldadora BDHC-4 es una m\u00e1quina soldadora de&nbsp;bolsas y paquetes totalmente autom\u00e1tica, de tama\u00f1o&nbsp;compacto es f\u00e1cilmente auto instalable sobre l\u00ednea de&nbsp;producci\u00f3n sin requerir apenas modificaci\u00f3n de l\u00ednea \u00f3&nbsp;incluso nula modificaci\u00f3n gracias a su soporte integrado&nbsp;regulable en altura. Construida \u00edntegramente en Acero&nbsp;inoxidable.<\/p>\n\n\n\n<p>Gracias a su versatilidad la Soldadora BDHC-4 se&nbsp;puede usar tanto individualmente, introduciendo peque\u00f1as&nbsp;bolsas para su sellado, con la mano por un operario o en&nbsp;modo autom\u00e1tico sobre l\u00ednea de producci\u00f3n en cinta&nbsp;transportadora, para el sellado de bolsas de mayor volumen&nbsp;o peso o para una mayor producci\u00f3n. En cualquier caso las&nbsp;protecciones y sellado de sus partes mec\u00e1nicas permite su&nbsp;uso directo sin peligro para el operario.<\/p>\n\n\n\n<p>La Soldadora BDHC-4 cuenta con variador electr\u00f3nico&nbsp;de velocidad para ajustar la velocidad de marcha a la l\u00ednea&nbsp;de producci\u00f3n. Con una velocidad est\u00e1ndar de&nbsp; 5 a 13&nbsp;metros\/minuto y posibilidad de otras velocidades mayores&nbsp;por prop\u00f3sito.<\/p>\n\n\n\n<p>En la Soldadora BDHC-4, el arrastre del producto se&nbsp;realiza mediante correas trapeciales, con regulaci\u00f3n&nbsp;autom\u00e1tica constante de presi\u00f3n que ejercen,&nbsp; de este modo&nbsp;gu\u00eda el paquete por el interior de la m\u00e1quina asegurando, la&nbsp;perfecta soldadura sin producir arrugas por sobrepresi\u00f3n o&nbsp;mal guiado del paquete. La banda de sellado es&nbsp; de 10 mm&nbsp;de anchura aprox.&nbsp; Y se realiza mediante bandas de acero&nbsp;teflonado autolimpiables, con una vida \u00fatil de trabajo larga y&nbsp;con un sistema de cambio r\u00e1pido, intuitivo y f\u00e1cil.<\/p>\n\n\n\n<p>La Soldadora BDHC-4 cuenta con regulaci\u00f3n t\u00e9rmica&nbsp;para las mordazas de soldadura integrados en el cuadro&nbsp;el\u00e9ctrico, que permite regular r\u00e1pidamente y en tiempo real la&nbsp;temperatura de sellado para conseguir la mejor banda de&nbsp;selladora posible en cada paquete o bolsa. Las mordazas&nbsp;cuenta adem\u00e1s con un sistema de refrigeraci\u00f3n pos-sellado&nbsp;integrado, para que la banda de sellado se enfri\u00e9&nbsp;r\u00e1pidamente impidiendo posibles deformaciones.<\/p>\n\n\n\n<p>La Soldadora BDHC-4 se presenta en un pie-soporte&nbsp;con regulaci\u00f3n de altura manual mediante manivela&nbsp;integrada. Se puede regular la altura f\u00e1cilmente con la&nbsp;manivela y no necesita de realizar ninguna otra acci\u00f3n, pues&nbsp;el sistema de regulaci\u00f3n se queda fijo autom\u00e1ticamente en la posici\u00f3n que se coloque con la manivela<\/p>\n\n\n\n<p><\/p>\n\n\n\n<p><\/p>\n\n\n\n<p><\/p>\n<\/div>\n\n\n\n<div class=\"wp-block-column is-layout-flow wp-block-column-is-layout-flow\">\n<div class=\"wp-block-columns is-layout-flex wp-container-core-columns-layout-1 wp-block-columns-is-layout-flex\">\n<div class=\"wp-block-column is-layout-flow wp-block-column-is-layout-flow\"><div class=\"wp-block-image\">\n<figure class=\"aligncenter size-full\"><img loading=\"lazy\" decoding=\"async\" width=\"351\" height=\"225\" src=\"https:\/\/sistemasrbt.com\/wp-content\/uploads\/2023\/11\/1.jpg\" alt=\"\" class=\"wp-image-258\" srcset=\"https:\/\/sistemasrbt.com\/wp-content\/uploads\/2023\/11\/1.jpg 351w, https:\/\/sistemasrbt.com\/wp-content\/uploads\/2023\/11\/1-300x192.jpg 300w\" sizes=\"(max-width: 351px) 100vw, 351px\" \/><\/figure><\/div><\/div>\n<\/div>\n\n\n\n<p><\/p>\n\n\n\n<p><\/p>\n\n\n\n<p><\/p>\n\n\n\n<p><\/p>\n\n\n\n<div class=\"wp-block-columns is-layout-flex wp-container-core-columns-layout-2 wp-block-columns-is-layout-flex\">\n<div class=\"wp-block-column is-layout-flow wp-block-column-is-layout-flow\">\n<figure class=\"wp-block-image size-full\"><img loading=\"lazy\" decoding=\"async\" width=\"351\" height=\"225\" src=\"https:\/\/sistemasrbt.com\/wp-content\/uploads\/2023\/11\/2.jpg\" alt=\"\" class=\"wp-image-259\" srcset=\"https:\/\/sistemasrbt.com\/wp-content\/uploads\/2023\/11\/2.jpg 351w, https:\/\/sistemasrbt.com\/wp-content\/uploads\/2023\/11\/2-300x192.jpg 300w\" sizes=\"(max-width: 351px) 100vw, 351px\" \/><\/figure>\n<\/div>\n\n\n\n<div class=\"wp-block-column is-layout-flow wp-block-column-is-layout-flow\">\n<figure class=\"wp-block-image size-full\"><img loading=\"lazy\" decoding=\"async\" width=\"351\" height=\"225\" src=\"https:\/\/sistemasrbt.com\/wp-content\/uploads\/2023\/11\/3.jpg\" alt=\"\" class=\"wp-image-260\" srcset=\"https:\/\/sistemasrbt.com\/wp-content\/uploads\/2023\/11\/3.jpg 351w, https:\/\/sistemasrbt.com\/wp-content\/uploads\/2023\/11\/3-300x192.jpg 300w\" sizes=\"(max-width: 351px) 100vw, 351px\" \/><\/figure>\n<\/div>\n<\/div>\n<\/div>\n<\/div>\n","protected":false},"excerpt":{"rendered":"<p>La Soldadora BDHC-4 es una m\u00e1quina soldadora de&nbsp;bolsas y paquetes totalmente autom\u00e1tica, de tama\u00f1o&nbsp;compacto es f\u00e1cilmente auto instalable sobre l\u00ednea de&nbsp;producci\u00f3n sin requerir apenas modificaci\u00f3n de l\u00ednea \u00f3&nbsp;incluso nula modificaci\u00f3n&#8230;<\/p>\n","protected":false},"author":2,"featured_media":0,"parent":0,"menu_order":0,"comment_status":"closed","ping_status":"closed","template":"","meta":{"_kad_post_transparent":"","_kad_post_title":"","_kad_post_layout":"","_kad_post_sidebar_id":"","_kad_post_content_style":"","_kad_post_vertical_padding":"","_kad_post_feature":"","_kad_post_feature_position":"","_kad_post_header":false,"_kad_post_footer":false,"_kad_post_classname":"","footnotes":""},"_links":{"self":[{"href":"https:\/\/sistemasrbt.com\/index.php?rest_route=\/wp\/v2\/pages\/257"}],"collection":[{"href":"https:\/\/sistemasrbt.com\/index.php?rest_route=\/wp\/v2\/pages"}],"about":[{"href":"https:\/\/sistemasrbt.com\/index.php?rest_route=\/wp\/v2\/types\/page"}],"author":[{"embeddable":true,"href":"https:\/\/sistemasrbt.com\/index.php?rest_route=\/wp\/v2\/users\/2"}],"replies":[{"embeddable":true,"href":"https:\/\/sistemasrbt.com\/index.php?rest_route=%2Fwp%2Fv2%2Fcomments&post=257"}],"version-history":[{"count":3,"href":"https:\/\/sistemasrbt.com\/index.php?rest_route=\/wp\/v2\/pages\/257\/revisions"}],"predecessor-version":[{"id":264,"href":"https:\/\/sistemasrbt.com\/index.php?rest_route=\/wp\/v2\/pages\/257\/revisions\/264"}],"wp:attachment":[{"href":"https:\/\/sistemasrbt.com\/index.php?rest_route=%2Fwp%2Fv2%2Fmedia&parent=257"}],"curies":[{"name":"wp","href":"https:\/\/api.w.org\/{rel}","templated":true}]}}