{"id":271,"date":"2023-11-29T17:43:12","date_gmt":"2023-11-29T17:43:12","guid":{"rendered":"https:\/\/sistemasrbt.com\/?page_id=271"},"modified":"2023-11-29T18:16:25","modified_gmt":"2023-11-29T18:16:25","slug":"selladoras-por-induccion","status":"publish","type":"page","link":"https:\/\/sistemasrbt.com\/?page_id=271","title":{"rendered":"Selladoras por inducci\u00f3n"},"content":{"rendered":"\n<p class=\"has-medium-font-size\">Maquinaria de \u00faltima tecnolog\u00eda, ofrecemos selladoras y taponadoras mediante inducci\u00f3n t\u00e9rmica (colocaci\u00f3n de Op\u00e9rculos principalmente), Manuales, de tipo estacionario para producci\u00f3n bajas, \u00f3 para su funcionamiento en continuo, coloc\u00e1ndose sobre la l\u00ednea de producci\u00f3n con escasas o nulas modificaciones de esta.Gracias a la tecnolog\u00eda de la inducci\u00f3n t\u00e9rmica el sellado se realiza (en el modelo estacionario), sin contacto directo del operario, siendo muy \u00fatiles en el sector farmac\u00e9utico. O bien sin ning\u00fan tipo de contacto (modelo en continuo) entre m\u00e1quina y recipiente.<\/p>\n\n\n\n<div class=\"wp-block-columns is-layout-flex wp-container-core-columns-layout-1 wp-block-columns-is-layout-flex\">\n<div class=\"wp-block-column is-layout-flow wp-block-column-is-layout-flow\"><div class=\"wp-block-image\">\n<figure class=\"aligncenter size-full is-resized\"><a href=\"https:\/\/sistemasrbt.com\/?page_id=265\"><img loading=\"lazy\" decoding=\"async\" width=\"172\" height=\"167\" src=\"https:\/\/sistemasrbt.com\/wp-content\/uploads\/2023\/11\/6.png\" alt=\"\" class=\"wp-image-272\" style=\"width:123px;height:auto\" \/><\/a><\/figure><\/div>\n\n\n<p class=\"has-text-align-center\">SELLADORA POR INDUCCI\u00d3NEN CONTINUO<\/p>\n<\/div>\n\n\n\n<div class=\"wp-block-column is-layout-flow wp-block-column-is-layout-flow\"><div class=\"wp-block-image\">\n<figure class=\"aligncenter size-full\"><a href=\"https:\/\/sistemasrbt.com\/?page_id=276\"><img loading=\"lazy\" decoding=\"async\" width=\"188\" height=\"109\" src=\"https:\/\/sistemasrbt.com\/wp-content\/uploads\/2023\/11\/7.png\" alt=\"\" class=\"wp-image-273\" \/><\/a><\/figure><\/div>\n\n\n<p class=\"has-text-align-center\">SELLADORA POR INDUCCI\u00d3NSEMIAUTOM\u00c1TICA<\/p>\n<\/div>\n<\/div>\n","protected":false},"excerpt":{"rendered":"<p>Maquinaria de \u00faltima tecnolog\u00eda, ofrecemos selladoras y taponadoras mediante inducci\u00f3n t\u00e9rmica (colocaci\u00f3n de Op\u00e9rculos principalmente), Manuales, de tipo estacionario para producci\u00f3n bajas, \u00f3 para su funcionamiento en continuo, coloc\u00e1ndose sobre&#8230;<\/p>\n","protected":false},"author":2,"featured_media":0,"parent":0,"menu_order":0,"comment_status":"closed","ping_status":"closed","template":"","meta":{"_kad_post_transparent":"","_kad_post_title":"","_kad_post_layout":"","_kad_post_sidebar_id":"","_kad_post_content_style":"","_kad_post_vertical_padding":"","_kad_post_feature":"","_kad_post_feature_position":"","_kad_post_header":false,"_kad_post_footer":false,"_kad_post_classname":"","footnotes":""},"_links":{"self":[{"href":"https:\/\/sistemasrbt.com\/index.php?rest_route=\/wp\/v2\/pages\/271"}],"collection":[{"href":"https:\/\/sistemasrbt.com\/index.php?rest_route=\/wp\/v2\/pages"}],"about":[{"href":"https:\/\/sistemasrbt.com\/index.php?rest_route=\/wp\/v2\/types\/page"}],"author":[{"embeddable":true,"href":"https:\/\/sistemasrbt.com\/index.php?rest_route=\/wp\/v2\/users\/2"}],"replies":[{"embeddable":true,"href":"https:\/\/sistemasrbt.com\/index.php?rest_route=%2Fwp%2Fv2%2Fcomments&post=271"}],"version-history":[{"count":2,"href":"https:\/\/sistemasrbt.com\/index.php?rest_route=\/wp\/v2\/pages\/271\/revisions"}],"predecessor-version":[{"id":285,"href":"https:\/\/sistemasrbt.com\/index.php?rest_route=\/wp\/v2\/pages\/271\/revisions\/285"}],"wp:attachment":[{"href":"https:\/\/sistemasrbt.com\/index.php?rest_route=%2Fwp%2Fv2%2Fmedia&parent=271"}],"curies":[{"name":"wp","href":"https:\/\/api.w.org\/{rel}","templated":true}]}}