{"id":286,"date":"2023-11-30T16:20:57","date_gmt":"2023-11-30T16:20:57","guid":{"rendered":"https:\/\/sistemasrbt.com\/?page_id=286"},"modified":"2023-11-30T16:22:28","modified_gmt":"2023-11-30T16:22:28","slug":"cosedoras-2","status":"publish","type":"page","link":"https:\/\/sistemasrbt.com\/?page_id=286","title":{"rendered":"Cosedoras"},"content":{"rendered":"\n<p class=\"has-text-align-center has-medium-font-size\">Disponemos de una amplia variedad de cosedoras, tanto manuales como autom\u00e1ticas, aptas para trabajo en entornos tanto agr\u00edcola, como industrial, robustas, con m\u00ednimo mantenimiento y gran posibilidad de personalizaci\u00f3n para una integraci\u00f3n total sobre l\u00edneas de producci\u00f3n ya existentes.<\/p>\n\n\n\n<p><\/p>\n\n\n\n<p><\/p>\n\n\n\n<div class=\"wp-block-columns is-layout-flex wp-container-core-columns-layout-1 wp-block-columns-is-layout-flex\">\n<div class=\"wp-block-column is-layout-flow wp-block-column-is-layout-flow\">\n<figure class=\"wp-block-image size-full\"><img loading=\"lazy\" decoding=\"async\" width=\"108\" height=\"149\" src=\"https:\/\/sistemasrbt.com\/wp-content\/uploads\/2023\/11\/1.1.jpg\" alt=\"\" class=\"wp-image-287\" \/><\/figure>\n<\/div>\n\n\n\n<div class=\"wp-block-column is-layout-flow wp-block-column-is-layout-flow\">\n<figure class=\"wp-block-image size-full\"><img loading=\"lazy\" decoding=\"async\" width=\"115\" height=\"127\" src=\"https:\/\/sistemasrbt.com\/wp-content\/uploads\/2023\/11\/1.2.png\" alt=\"\" class=\"wp-image-288\" \/><\/figure>\n<\/div>\n\n\n\n<div class=\"wp-block-column is-layout-flow wp-block-column-is-layout-flow\">\n<figure class=\"wp-block-image size-full\"><img loading=\"lazy\" decoding=\"async\" width=\"120\" height=\"124\" src=\"https:\/\/sistemasrbt.com\/wp-content\/uploads\/2023\/11\/1.3.jpg\" alt=\"\" class=\"wp-image-289\" \/><\/figure>\n<\/div>\n\n\n\n<div class=\"wp-block-column is-layout-flow wp-block-column-is-layout-flow\">\n<figure class=\"wp-block-image size-full\"><img loading=\"lazy\" decoding=\"async\" width=\"127\" height=\"138\" src=\"https:\/\/sistemasrbt.com\/wp-content\/uploads\/2023\/11\/1.4.png\" alt=\"\" class=\"wp-image-290\" \/><\/figure>\n<\/div>\n<\/div>\n\n\n\n<div class=\"wp-block-columns is-layout-flex wp-container-core-columns-layout-2 wp-block-columns-is-layout-flex\">\n<div class=\"wp-block-column is-layout-flow wp-block-column-is-layout-flow\">\n<p class=\"has-text-align-center has-small-font-size\">MODELO CARC-8D-01<\/p>\n<\/div>\n\n\n\n<div class=\"wp-block-column is-layout-flow wp-block-column-is-layout-flow\">\n<p class=\"has-text-align-center has-small-font-size\">MODELO CBP-DA-R-01<\/p>\n<\/div>\n\n\n\n<div class=\"wp-block-column is-layout-flow wp-block-column-is-layout-flow\">\n<p class=\"has-text-align-center has-small-font-size\">MODELO CBP-DA-R-02<\/p>\n<\/div>\n\n\n\n<div class=\"wp-block-column is-layout-flow wp-block-column-is-layout-flow\">\n<p class=\"has-text-align-center has-small-font-size\">M\u00c1QUINA DE GUIADODE SACOS CDS-01<\/p>\n<\/div>\n<\/div>\n\n\n\n<div class=\"wp-block-columns is-layout-flex wp-container-core-columns-layout-3 wp-block-columns-is-layout-flex\">\n<div class=\"wp-block-column is-layout-flow wp-block-column-is-layout-flow\"><div class=\"wp-block-image\">\n<figure class=\"aligncenter size-full\"><img loading=\"lazy\" decoding=\"async\" width=\"106\" height=\"128\" src=\"https:\/\/sistemasrbt.com\/wp-content\/uploads\/2023\/11\/1.5.jpg\" alt=\"\" class=\"wp-image-291\" \/><\/figure><\/div><\/div>\n\n\n\n<div class=\"wp-block-column is-layout-flow wp-block-column-is-layout-flow\"><div class=\"wp-block-image\">\n<figure class=\"aligncenter size-full\"><img loading=\"lazy\" decoding=\"async\" width=\"110\" height=\"113\" src=\"https:\/\/sistemasrbt.com\/wp-content\/uploads\/2023\/11\/1.6.jpg\" alt=\"\" class=\"wp-image-292\" \/><\/figure><\/div><\/div>\n<\/div>\n\n\n\n<div class=\"wp-block-columns is-layout-flex wp-container-core-columns-layout-4 wp-block-columns-is-layout-flex\">\n<div class=\"wp-block-column is-layout-flow wp-block-column-is-layout-flow\">\n<p class=\"has-text-align-center has-small-font-size\">MODELO CBP-DAD-01<\/p>\n<\/div>\n\n\n\n<div class=\"wp-block-column is-layout-flow wp-block-column-is-layout-flow\">\n<p class=\"has-text-align-center has-small-font-size\">MODELO CBP-NP7<\/p>\n<\/div>\n<\/div>\n","protected":false},"excerpt":{"rendered":"<p>Disponemos de una amplia variedad de cosedoras, tanto manuales como autom\u00e1ticas, aptas para trabajo en entornos tanto agr\u00edcola, como industrial, robustas, con m\u00ednimo mantenimiento y gran posibilidad de personalizaci\u00f3n para&#8230;<\/p>\n","protected":false},"author":2,"featured_media":0,"parent":0,"menu_order":0,"comment_status":"closed","ping_status":"closed","template":"","meta":{"_kad_post_transparent":"","_kad_post_title":"","_kad_post_layout":"","_kad_post_sidebar_id":"","_kad_post_content_style":"","_kad_post_vertical_padding":"","_kad_post_feature":"","_kad_post_feature_position":"","_kad_post_header":false,"_kad_post_footer":false,"_kad_post_classname":"","footnotes":""},"_links":{"self":[{"href":"https:\/\/sistemasrbt.com\/index.php?rest_route=\/wp\/v2\/pages\/286"}],"collection":[{"href":"https:\/\/sistemasrbt.com\/index.php?rest_route=\/wp\/v2\/pages"}],"about":[{"href":"https:\/\/sistemasrbt.com\/index.php?rest_route=\/wp\/v2\/types\/page"}],"author":[{"embeddable":true,"href":"https:\/\/sistemasrbt.com\/index.php?rest_route=\/wp\/v2\/users\/2"}],"replies":[{"embeddable":true,"href":"https:\/\/sistemasrbt.com\/index.php?rest_route=%2Fwp%2Fv2%2Fcomments&post=286"}],"version-history":[{"count":4,"href":"https:\/\/sistemasrbt.com\/index.php?rest_route=\/wp\/v2\/pages\/286\/revisions"}],"predecessor-version":[{"id":297,"href":"https:\/\/sistemasrbt.com\/index.php?rest_route=\/wp\/v2\/pages\/286\/revisions\/297"}],"wp:attachment":[{"href":"https:\/\/sistemasrbt.com\/index.php?rest_route=%2Fwp%2Fv2%2Fmedia&parent=286"}],"curies":[{"name":"wp","href":"https:\/\/api.w.org\/{rel}","templated":true}]}}