{"id":313,"date":"2023-11-30T16:53:44","date_gmt":"2023-11-30T16:53:44","guid":{"rendered":"https:\/\/sistemasrbt.com\/?page_id=313"},"modified":"2023-11-30T16:55:23","modified_gmt":"2023-11-30T16:55:23","slug":"formadora-de-cajas-tapas-modelo-fct-02","status":"publish","type":"page","link":"https:\/\/sistemasrbt.com\/?page_id=313","title":{"rendered":"FORMADORA DE CAJAS-TAPAS MODELO FCT-02"},"content":{"rendered":"\n<div class=\"wp-block-columns is-layout-flex wp-container-core-columns-layout-3 wp-block-columns-is-layout-flex\">\n<div class=\"wp-block-column is-layout-flow wp-block-column-is-layout-flow\">\n<p>La formadora de Cajas y Tapas FCT-02, es un\u00a0m\u00e1quina agrupadora y encajadora polivalente, mediante el\u00a0uso de cola caliente para el formado de las cajas y las tapas\u00a0donde va el producto.<\/p>\n\n\n\n<p>La formadora FCT-02 se encarga de realizar, en una\u00a0sola m\u00e1quina, el agrupado de diferentes paquetes de entre\u00a00.25 y 2 kg, en filas de 2&#215;2, 2&#215;3, 2&#215;4, 2&#215;5&#8230; dependiendo del\u00a0tama\u00f1o del paquete hasta un m\u00e1ximo de 300 x 200 x 200\u00a0aproximadamente, ligeras variaciones por encima se pueden\u00a0soportar o encargar, con una producci\u00f3n de entre 8 y 12\u00a0cajas por minuto.<\/p>\n\n\n\n<p>Una vez formado el esquema de agrupaci\u00f3n, la\u00a0formadora de cajas y tapas FCT-02, se encarga de introducir\u00a0dichos paquetes en la caja ya preformada en uno de sus\u00a0extremos, mediante arrastre, sella la parte inferior de la caja\u00a0mediante cola caliente, procedente de un equipo integrado en la propia m\u00e1quina y la posiciona para el colocado de la tapa.<\/p>\n\n\n\n<p>Por \u00faltimo la FCT-02, puede colocar una tapa de\u00a0diversas formas posibles dentro de unas posibilidades,\u00a0(preguntar a nuestro departamento t\u00e9cnico), y cierra la caja\u00a0colocando la tapa sobre esta usando cola caliente para el\u00a0formado de dicha tapa y la sujeci\u00f3n sobre la caja.<\/p>\n\n\n\n<p>En el proceso de extracci\u00f3n de la m\u00e1quina, si el cliente\u00a0lo desea o necesita, se puede instalar un sistema\u00a0 de\u00a0inyecci\u00f3n e impresi\u00f3n de tinta sobre cart\u00f3n, para el a\u00f1adido\u00a0de datos de empresa, producto o destino, seg\u00fan desee el\u00a0cliente. La formadora de Cajas y tapas FCT-02, cuenta con\u00a0un avanzado software integrado sobre una pantalla t\u00e1ctil de 8\u00a0pulgadas, para la selecci\u00f3n de los diverso par\u00e1metros de\u00a0funcionamiento, como la velocidad, as\u00ed como para el registro\u00a0de los niveles de producci\u00f3n que se obtienen en cada\u00a0configuraci\u00f3n. Adem\u00e1s cuenta con sistema neum\u00e1tico\u00a0centralizado por m\u00f3dulos y filtro regulador con v\u00e1lvula de\u00a0seguridad y arranque progresivo del circuito para evitar\u00a0posibles accidentes y permitir una r\u00e1pida y segura\u00a0desconexi\u00f3n del sistema neum\u00e1tico.<\/p>\n\n\n\n<p>La formadora FCT-02 permite el rellenado de los\u00a0dep\u00f3sitos de cajas y de tapa, respectivamente, sin necesidad\u00a0de detener la producci\u00f3n de la m\u00e1quina, su localizaci\u00f3n\u00a0exterior y f\u00e1cil acceso permiten esta posibilidad.<\/p>\n<\/div>\n\n\n\n<div class=\"wp-block-column is-layout-flow wp-block-column-is-layout-flow\"><div class=\"wp-block-image\">\n<figure class=\"aligncenter size-full\"><img loading=\"lazy\" decoding=\"async\" width=\"351\" height=\"225\" src=\"https:\/\/sistemasrbt.com\/wp-content\/uploads\/2023\/11\/3.1.jpg\" alt=\"\" class=\"wp-image-314\" srcset=\"https:\/\/sistemasrbt.com\/wp-content\/uploads\/2023\/11\/3.1.jpg 351w, https:\/\/sistemasrbt.com\/wp-content\/uploads\/2023\/11\/3.1-300x192.jpg 300w\" sizes=\"(max-width: 351px) 100vw, 351px\" \/><\/figure><\/div>\n\n\n<p><\/p>\n\n\n\n<div class=\"wp-block-columns is-layout-flex wp-container-core-columns-layout-1 wp-block-columns-is-layout-flex\">\n<div class=\"wp-block-column is-layout-flow wp-block-column-is-layout-flow\"><div class=\"wp-block-image\">\n<figure class=\"aligncenter size-full\"><img loading=\"lazy\" decoding=\"async\" width=\"351\" height=\"225\" src=\"https:\/\/sistemasrbt.com\/wp-content\/uploads\/2023\/11\/3.2.jpg\" alt=\"\" class=\"wp-image-315\" srcset=\"https:\/\/sistemasrbt.com\/wp-content\/uploads\/2023\/11\/3.2.jpg 351w, https:\/\/sistemasrbt.com\/wp-content\/uploads\/2023\/11\/3.2-300x192.jpg 300w\" sizes=\"(max-width: 351px) 100vw, 351px\" \/><\/figure><\/div><\/div>\n\n\n\n<div class=\"wp-block-column is-layout-flow wp-block-column-is-layout-flow\"><div class=\"wp-block-image\">\n<figure class=\"aligncenter size-full\"><img loading=\"lazy\" decoding=\"async\" width=\"351\" height=\"225\" src=\"https:\/\/sistemasrbt.com\/wp-content\/uploads\/2023\/11\/3.3.jpg\" alt=\"\" class=\"wp-image-317\" srcset=\"https:\/\/sistemasrbt.com\/wp-content\/uploads\/2023\/11\/3.3.jpg 351w, https:\/\/sistemasrbt.com\/wp-content\/uploads\/2023\/11\/3.3-300x192.jpg 300w\" sizes=\"(max-width: 351px) 100vw, 351px\" \/><\/figure><\/div><\/div>\n<\/div>\n\n\n\n<p><\/p>\n\n\n\n<div class=\"wp-block-columns is-layout-flex wp-container-core-columns-layout-2 wp-block-columns-is-layout-flex\">\n<div class=\"wp-block-column is-layout-flow wp-block-column-is-layout-flow\"><div class=\"wp-block-image\">\n<figure class=\"aligncenter size-full\"><img loading=\"lazy\" decoding=\"async\" width=\"351\" height=\"225\" src=\"https:\/\/sistemasrbt.com\/wp-content\/uploads\/2023\/11\/3.4-1.jpg\" alt=\"\" class=\"wp-image-318\" srcset=\"https:\/\/sistemasrbt.com\/wp-content\/uploads\/2023\/11\/3.4-1.jpg 351w, https:\/\/sistemasrbt.com\/wp-content\/uploads\/2023\/11\/3.4-1-300x192.jpg 300w\" sizes=\"(max-width: 351px) 100vw, 351px\" \/><\/figure><\/div><\/div>\n\n\n\n<div class=\"wp-block-column is-layout-flow wp-block-column-is-layout-flow\"><div class=\"wp-block-image\">\n<figure class=\"aligncenter size-full\"><img loading=\"lazy\" decoding=\"async\" width=\"351\" height=\"226\" src=\"https:\/\/sistemasrbt.com\/wp-content\/uploads\/2023\/11\/3.5.jpg\" alt=\"\" class=\"wp-image-319\" srcset=\"https:\/\/sistemasrbt.com\/wp-content\/uploads\/2023\/11\/3.5.jpg 351w, https:\/\/sistemasrbt.com\/wp-content\/uploads\/2023\/11\/3.5-300x193.jpg 300w\" sizes=\"(max-width: 351px) 100vw, 351px\" \/><\/figure><\/div><\/div>\n<\/div>\n\n\n\n<p><\/p>\n\n\n<div class=\"wp-block-image\">\n<figure class=\"aligncenter size-full\"><img loading=\"lazy\" decoding=\"async\" width=\"351\" height=\"226\" src=\"https:\/\/sistemasrbt.com\/wp-content\/uploads\/2023\/11\/3.7.jpg\" alt=\"\" class=\"wp-image-320\" srcset=\"https:\/\/sistemasrbt.com\/wp-content\/uploads\/2023\/11\/3.7.jpg 351w, https:\/\/sistemasrbt.com\/wp-content\/uploads\/2023\/11\/3.7-300x193.jpg 300w\" sizes=\"(max-width: 351px) 100vw, 351px\" \/><\/figure><\/div><\/div>\n<\/div>\n","protected":false},"excerpt":{"rendered":"<p>La formadora de Cajas y Tapas FCT-02, es un\u00a0m\u00e1quina agrupadora y encajadora polivalente, mediante el\u00a0uso de cola caliente para el formado de las cajas y las tapas\u00a0donde va el producto&#8230;.<\/p>\n","protected":false},"author":2,"featured_media":0,"parent":0,"menu_order":0,"comment_status":"closed","ping_status":"closed","template":"","meta":{"_kad_post_transparent":"","_kad_post_title":"","_kad_post_layout":"","_kad_post_sidebar_id":"","_kad_post_content_style":"","_kad_post_vertical_padding":"","_kad_post_feature":"","_kad_post_feature_position":"","_kad_post_header":false,"_kad_post_footer":false,"_kad_post_classname":"","footnotes":""},"_links":{"self":[{"href":"https:\/\/sistemasrbt.com\/index.php?rest_route=\/wp\/v2\/pages\/313"}],"collection":[{"href":"https:\/\/sistemasrbt.com\/index.php?rest_route=\/wp\/v2\/pages"}],"about":[{"href":"https:\/\/sistemasrbt.com\/index.php?rest_route=\/wp\/v2\/types\/page"}],"author":[{"embeddable":true,"href":"https:\/\/sistemasrbt.com\/index.php?rest_route=\/wp\/v2\/users\/2"}],"replies":[{"embeddable":true,"href":"https:\/\/sistemasrbt.com\/index.php?rest_route=%2Fwp%2Fv2%2Fcomments&post=313"}],"version-history":[{"count":3,"href":"https:\/\/sistemasrbt.com\/index.php?rest_route=\/wp\/v2\/pages\/313\/revisions"}],"predecessor-version":[{"id":325,"href":"https:\/\/sistemasrbt.com\/index.php?rest_route=\/wp\/v2\/pages\/313\/revisions\/325"}],"wp:attachment":[{"href":"https:\/\/sistemasrbt.com\/index.php?rest_route=%2Fwp%2Fv2%2Fmedia&parent=313"}],"curies":[{"name":"wp","href":"https:\/\/api.w.org\/{rel}","templated":true}]}}