{"id":328,"date":"2023-11-30T17:33:41","date_gmt":"2023-11-30T17:33:41","guid":{"rendered":"https:\/\/sistemasrbt.com\/?page_id=328"},"modified":"2023-11-30T17:35:26","modified_gmt":"2023-11-30T17:35:26","slug":"enfajadora-ela-entrada-longitudinal","status":"publish","type":"page","link":"https:\/\/sistemasrbt.com\/?page_id=328","title":{"rendered":"ENFAJADORA ELA (ENTRADA LONGITUDINAL)"},"content":{"rendered":"\n<div class=\"wp-block-columns is-layout-flex wp-container-core-columns-layout-3 wp-block-columns-is-layout-flex\">\n<div class=\"wp-block-column is-layout-flow wp-block-column-is-layout-flow\">\n<p>La Enfajadora ELA es una m\u00e1quina totalmente\u00a0automatizada para el proceso de pre-retr\u00e1ctil de productos\u00a0encajados, en un solo proceso envuelve el producto con film\u00a0pl\u00e1stico para retr\u00e1ctil y corta y suelda para el proceso de\u00a0retractilado, mediante una cuchilla calefactada integrada\u00a0recubierta en tefl\u00f3n para un sellado m\u00e1s limpio y r\u00e1pido.<\/p>\n\n\n\n<p>Se puede configurar en varios anchos de m\u00e1quina\u00a0dependiendo del paquete que se vaya a introducir, para\u00a0garantizar el posterior proceso de retr\u00e1ctil, en configuraci\u00f3n\u00a0de anchura de cuchilla de 600, 660, 760, 1000, 1100 mm y\u00a0otras configuraciones bajo pedido.<\/p>\n\n\n\n<p>La alimentaci\u00f3n de la Enfajadora ELA se realiza de\u00a0manera frontal por cinta transportadora con variador\u00a0electr\u00f3nico de velocidad para una regulaci\u00f3n precisa de la\u00a0velocidad de funcionamiento o de la producci\u00f3n deseada.<\/p>\n\n\n\n<p>La mordaza de corte y soldadura mantiene la\u00a0temperatura constante, permite regular la temperatura de\u00a0acuerdo al espesor y punto de sellado del film que se este\u00a0usando, de modo que siempre se garantice un corte y sellado limpio. La presencia de paquetes se realiza autom\u00e1ticamente y cuenta con un sistema de retenci\u00f3n, pis\u00f3n superior,\u00a0regulable en altura para ajustar a cada paquete y garantizar\u00a0la eliminaci\u00f3n de posibles movimientos par\u00e1sitos y el\u00a0consiguiente error de soldadura y\/o corte.<\/p>\n\n\n\n<p>La Enfajadora ELA permite el cambio de cuchilla en\u00a0dos minutos (con el opcional de mordaza completa de\u00a0seguridad). Incorpora adem\u00e1s barras de refrigeraci\u00f3n de aire\u00a0de soldadura y corte.<\/p>\n\n\n\n<p>El film para retr\u00e1ctil se suministra autom\u00e1ticamente\u00a0gracias a dos desbobinadoras motorizados superior e inferior con un r\u00e1pido acceso para un intercambio de rollo r\u00e1pido,\u00a0gracias a estos desenrrolladores se reduce la tensi\u00f3n\u00a0superficial del film cuando el paquete estira, impidiendo\u00a0posibles cortes o roturas accidentales de dicho film.<\/p>\n\n\n\n<p>La Enfajadora ELA incorpora un cuadro el\u00e9ctrico\u00a0integrado con PLC y pantalla t\u00e1ctil para la configuraci\u00f3n de\u00a0los par\u00e1metros de velocidad, temperatura, etc&#8230; adem\u00e1s de\u00a0protecciones en toda la m\u00e1quina para evitar posibles\u00a0accidentes.<\/p>\n<\/div>\n\n\n\n<div class=\"wp-block-column is-layout-flow wp-block-column-is-layout-flow\"><div class=\"wp-block-image\">\n<figure class=\"aligncenter size-full\"><img loading=\"lazy\" decoding=\"async\" width=\"351\" height=\"225\" src=\"https:\/\/sistemasrbt.com\/wp-content\/uploads\/2023\/11\/4.1.jpg\" alt=\"\" class=\"wp-image-329\" srcset=\"https:\/\/sistemasrbt.com\/wp-content\/uploads\/2023\/11\/4.1.jpg 351w, https:\/\/sistemasrbt.com\/wp-content\/uploads\/2023\/11\/4.1-300x192.jpg 300w\" sizes=\"(max-width: 351px) 100vw, 351px\" \/><\/figure><\/div>\n\n\n<p><\/p>\n\n\n\n<div class=\"wp-block-columns is-layout-flex wp-container-core-columns-layout-1 wp-block-columns-is-layout-flex\">\n<div class=\"wp-block-column is-layout-flow wp-block-column-is-layout-flow\"><div class=\"wp-block-image\">\n<figure class=\"aligncenter size-full\"><img loading=\"lazy\" decoding=\"async\" width=\"351\" height=\"225\" src=\"https:\/\/sistemasrbt.com\/wp-content\/uploads\/2023\/11\/4.2.jpg\" alt=\"\" class=\"wp-image-330\" srcset=\"https:\/\/sistemasrbt.com\/wp-content\/uploads\/2023\/11\/4.2.jpg 351w, https:\/\/sistemasrbt.com\/wp-content\/uploads\/2023\/11\/4.2-300x192.jpg 300w\" sizes=\"(max-width: 351px) 100vw, 351px\" \/><\/figure><\/div><\/div>\n\n\n\n<div class=\"wp-block-column is-layout-flow wp-block-column-is-layout-flow\"><div class=\"wp-block-image\">\n<figure class=\"aligncenter size-full\"><img loading=\"lazy\" decoding=\"async\" width=\"351\" height=\"225\" src=\"https:\/\/sistemasrbt.com\/wp-content\/uploads\/2023\/11\/4.3.jpg\" alt=\"\" class=\"wp-image-331\" srcset=\"https:\/\/sistemasrbt.com\/wp-content\/uploads\/2023\/11\/4.3.jpg 351w, https:\/\/sistemasrbt.com\/wp-content\/uploads\/2023\/11\/4.3-300x192.jpg 300w\" sizes=\"(max-width: 351px) 100vw, 351px\" \/><\/figure><\/div><\/div>\n<\/div>\n\n\n\n<p><\/p>\n\n\n\n<div class=\"wp-block-columns is-layout-flex wp-container-core-columns-layout-2 wp-block-columns-is-layout-flex\">\n<div class=\"wp-block-column is-layout-flow wp-block-column-is-layout-flow\">\n<figure class=\"wp-block-image size-full\"><img loading=\"lazy\" decoding=\"async\" width=\"351\" height=\"225\" src=\"https:\/\/sistemasrbt.com\/wp-content\/uploads\/2023\/11\/4.4.jpg\" alt=\"\" class=\"wp-image-332\" srcset=\"https:\/\/sistemasrbt.com\/wp-content\/uploads\/2023\/11\/4.4.jpg 351w, https:\/\/sistemasrbt.com\/wp-content\/uploads\/2023\/11\/4.4-300x192.jpg 300w\" sizes=\"(max-width: 351px) 100vw, 351px\" \/><\/figure>\n<\/div>\n\n\n\n<div class=\"wp-block-column is-layout-flow wp-block-column-is-layout-flow\">\n<figure class=\"wp-block-image size-full\"><img loading=\"lazy\" decoding=\"async\" width=\"351\" height=\"225\" src=\"https:\/\/sistemasrbt.com\/wp-content\/uploads\/2023\/11\/4.5.jpg\" alt=\"\" class=\"wp-image-333\" srcset=\"https:\/\/sistemasrbt.com\/wp-content\/uploads\/2023\/11\/4.5.jpg 351w, https:\/\/sistemasrbt.com\/wp-content\/uploads\/2023\/11\/4.5-300x192.jpg 300w\" sizes=\"(max-width: 351px) 100vw, 351px\" \/><\/figure>\n<\/div>\n<\/div>\n\n\n\n<p><\/p>\n\n\n<div class=\"wp-block-image\">\n<figure class=\"aligncenter size-full\"><img loading=\"lazy\" decoding=\"async\" width=\"351\" height=\"225\" src=\"https:\/\/sistemasrbt.com\/wp-content\/uploads\/2023\/11\/4.6.jpg\" alt=\"\" class=\"wp-image-334\" srcset=\"https:\/\/sistemasrbt.com\/wp-content\/uploads\/2023\/11\/4.6.jpg 351w, https:\/\/sistemasrbt.com\/wp-content\/uploads\/2023\/11\/4.6-300x192.jpg 300w\" sizes=\"(max-width: 351px) 100vw, 351px\" \/><\/figure><\/div><\/div>\n<\/div>\n","protected":false},"excerpt":{"rendered":"<p>La Enfajadora ELA es una m\u00e1quina totalmente\u00a0automatizada para el proceso de pre-retr\u00e1ctil de productos\u00a0encajados, en un solo proceso envuelve el producto con film\u00a0pl\u00e1stico para retr\u00e1ctil y corta y suelda para&#8230;<\/p>\n","protected":false},"author":2,"featured_media":0,"parent":0,"menu_order":0,"comment_status":"closed","ping_status":"closed","template":"","meta":{"_kad_post_transparent":"","_kad_post_title":"","_kad_post_layout":"","_kad_post_sidebar_id":"","_kad_post_content_style":"","_kad_post_vertical_padding":"","_kad_post_feature":"","_kad_post_feature_position":"","_kad_post_header":false,"_kad_post_footer":false,"_kad_post_classname":"","footnotes":""},"_links":{"self":[{"href":"https:\/\/sistemasrbt.com\/index.php?rest_route=\/wp\/v2\/pages\/328"}],"collection":[{"href":"https:\/\/sistemasrbt.com\/index.php?rest_route=\/wp\/v2\/pages"}],"about":[{"href":"https:\/\/sistemasrbt.com\/index.php?rest_route=\/wp\/v2\/types\/page"}],"author":[{"embeddable":true,"href":"https:\/\/sistemasrbt.com\/index.php?rest_route=\/wp\/v2\/users\/2"}],"replies":[{"embeddable":true,"href":"https:\/\/sistemasrbt.com\/index.php?rest_route=%2Fwp%2Fv2%2Fcomments&post=328"}],"version-history":[{"count":2,"href":"https:\/\/sistemasrbt.com\/index.php?rest_route=\/wp\/v2\/pages\/328\/revisions"}],"predecessor-version":[{"id":337,"href":"https:\/\/sistemasrbt.com\/index.php?rest_route=\/wp\/v2\/pages\/328\/revisions\/337"}],"wp:attachment":[{"href":"https:\/\/sistemasrbt.com\/index.php?rest_route=%2Fwp%2Fv2%2Fmedia&parent=328"}],"curies":[{"name":"wp","href":"https:\/\/api.w.org\/{rel}","templated":true}]}}