{"id":338,"date":"2023-11-30T17:46:22","date_gmt":"2023-11-30T17:46:22","guid":{"rendered":"https:\/\/sistemasrbt.com\/?page_id=338"},"modified":"2023-11-30T17:48:29","modified_gmt":"2023-11-30T17:48:29","slug":"enfajadora-ela-entrada-lateral","status":"publish","type":"page","link":"https:\/\/sistemasrbt.com\/?page_id=338","title":{"rendered":"ENFAJADORA ELA (ENTRADA LATERAL)"},"content":{"rendered":"\n<div class=\"wp-block-columns is-layout-flex wp-container-core-columns-layout-4 wp-block-columns-is-layout-flex\">\n<div class=\"wp-block-column is-layout-flow wp-block-column-is-layout-flow\">\n<p>La Enfajadora ELA-EL de entrada lateral es una\u00a0m\u00e1quina totalmente automatizada para el proceso de PRE-\u00a0retr\u00e1ctil de productos encajados, Al igual que la Enfajadora\u00a0ELA, en un solo proceso envuelve el producto con film\u00a0pl\u00e1stico para retr\u00e1ctil y corta y suelda para el proceso de\u00a0retractilado, mediante una cuchilla calefactada integrada\u00a0recubierta en tefl\u00f3n para un sellado m\u00e1s limpio y r\u00e1pido.<\/p>\n\n\n\n<p>La estructura y la forma de realizar la envoltura en\u00a0pl\u00e1stico del producto es id\u00e9ntica a la Enfajadora ELA, con la\u00a0\u00fanica diferencia del sistema de entrada lateral, en lugar de\u00a0longitudinal, Se puede configurar en varios anchos de\u00a0m\u00e1quina dependiendo del paquete que se vaya a introducir,\u00a0para garantizar el posterior proceso de retr\u00e1ctil, en\u00a0configuraci\u00f3n de anchura de cuchilla de 600, 660, 760, 1000,\u00a01100 mm y otras configuraciones bajo pedido.<\/p>\n\n\n\n<p>La alimentaci\u00f3n de la Enfajadora ELA-EL se realiza de\u00a0manera lateral por cinta transportadora con variador\u00a0electr\u00f3nico de velocidad para una regulaci\u00f3n precisa de la\u00a0velocidad de funcionamiento o de la producci\u00f3n deseada. El\u00a0proceso de envoltura en film, se realiza mediante un\u00a0empujador lineal que introduce los paquetes a trav\u00e9s del film,\u00a0se puede realizar el agrupado de los paquetes en fila sobre el mismo transportador de entrada, mientras entran en esta, o\u00a0realizar el proceso de agrupado anteriormente y solo\u00a0introducirlo en la m\u00e1quina mediante un transportador simple.\u00a0De este modo el transportador de entrada se puede realizar\u00a0por encargo con un sistema desviador para dicho agrupado a\u00a0petici\u00f3n del cliente, puede consultar a nuestros t\u00e9cnicos para\u00a0m\u00e1s informaci\u00f3n.<\/p>\n\n\n\n<p>La mordaza de corte y soldadura mantiene la\u00a0temperatura constante, permite regular la temperatura de\u00a0acuerdo al espesor y punto de sellado del film que se este\u00a0usando, de modo que siempre se garantice un corte y sellado limpio. La presencia de paquetes se realiza autom\u00e1ticamente\u00a0y cuenta con un sistema de retenci\u00f3n, pis\u00f3n superior,\u00a0regulable en altura para ajustar a cada paquete y garantizar\u00a0la eliminaci\u00f3n de posibles movimientos par\u00e1sitos y el\u00a0consiguiente error de soldadura y\/o corte.<\/p>\n\n\n\n<p>La Enfajadora ELA-EL permite el cambio de cuchilla en\u00a0dos minutos (con el opcional de mordaza completa de\u00a0seguridad). Incorpora adem\u00e1s barras de refrigeraci\u00f3n de aire\u00a0de soldadura y corte.<\/p>\n\n\n\n<p>El film para retr\u00e1ctil se suministra autom\u00e1ticamente\u00a0gracias a dos desbobinadoras motorizadas superior e inferior con un r\u00e1pido acceso para un intercambio de rollo r\u00e1pido,\u00a0gracias a estos desenrrolladores se reduce la tensi\u00f3n\u00a0superficial del film cuando el paquete estira, impidiendo\u00a0posibles cortes o roturas accidentales de dicho film.<\/p>\n\n\n\n<p>Opcionalmente (m\u00e1quina por encargo) se puede\u00a0incorporar un modulo de bandeja, (como se puede observan\u00a0en las im\u00e1genes inferiores), si el retractilado requiere de una\u00a0bandeja, bien por soporte, transporte, o est\u00e9tica, aumentando\u00a0la polivalencia de la m\u00e1quina, pues se puede inutilizar su\u00a0funcionamiento en el momento que el producto lo requiera.<\/p>\n\n\n\n<p>La Enfajadora ELA-EL incorpora un cuadro el\u00e9ctrico\u00a0integrado con PLC y pantalla t\u00e1ctil para la configuraci\u00f3n de\u00a0los parametros de velocidad, temperatura, etc&#8230; Adem\u00e1s de\u00a0protecciones en toda la m\u00e1quina para evitar posibles\u00a0accidentes.<\/p>\n<\/div>\n\n\n\n<div class=\"wp-block-column is-layout-flow wp-block-column-is-layout-flow\"><div class=\"wp-block-image\">\n<figure class=\"aligncenter size-full\"><img loading=\"lazy\" decoding=\"async\" width=\"351\" height=\"225\" src=\"https:\/\/sistemasrbt.com\/wp-content\/uploads\/2023\/11\/1.1-1.jpg\" alt=\"\" class=\"wp-image-339\" srcset=\"https:\/\/sistemasrbt.com\/wp-content\/uploads\/2023\/11\/1.1-1.jpg 351w, https:\/\/sistemasrbt.com\/wp-content\/uploads\/2023\/11\/1.1-1-300x192.jpg 300w\" sizes=\"(max-width: 351px) 100vw, 351px\" \/><\/figure><\/div>\n\n\n<p><\/p>\n\n\n\n<div class=\"wp-block-columns is-layout-flex wp-container-core-columns-layout-1 wp-block-columns-is-layout-flex\">\n<div class=\"wp-block-column is-layout-flow wp-block-column-is-layout-flow\"><div class=\"wp-block-image\">\n<figure class=\"aligncenter size-full\"><img loading=\"lazy\" decoding=\"async\" width=\"351\" height=\"225\" src=\"https:\/\/sistemasrbt.com\/wp-content\/uploads\/2023\/11\/1.2.jpg\" alt=\"\" class=\"wp-image-340\" srcset=\"https:\/\/sistemasrbt.com\/wp-content\/uploads\/2023\/11\/1.2.jpg 351w, https:\/\/sistemasrbt.com\/wp-content\/uploads\/2023\/11\/1.2-300x192.jpg 300w\" sizes=\"(max-width: 351px) 100vw, 351px\" \/><\/figure><\/div><\/div>\n\n\n\n<div class=\"wp-block-column is-layout-flow wp-block-column-is-layout-flow\"><div class=\"wp-block-image\">\n<figure class=\"aligncenter size-full\"><img loading=\"lazy\" decoding=\"async\" width=\"351\" height=\"225\" src=\"https:\/\/sistemasrbt.com\/wp-content\/uploads\/2023\/11\/1.3-1.jpg\" alt=\"\" class=\"wp-image-341\" srcset=\"https:\/\/sistemasrbt.com\/wp-content\/uploads\/2023\/11\/1.3-1.jpg 351w, https:\/\/sistemasrbt.com\/wp-content\/uploads\/2023\/11\/1.3-1-300x192.jpg 300w\" sizes=\"(max-width: 351px) 100vw, 351px\" \/><\/figure><\/div><\/div>\n<\/div>\n\n\n\n<p><\/p>\n\n\n\n<div class=\"wp-block-columns is-layout-flex wp-container-core-columns-layout-2 wp-block-columns-is-layout-flex\">\n<div class=\"wp-block-column is-layout-flow wp-block-column-is-layout-flow\"><div class=\"wp-block-image\">\n<figure class=\"aligncenter size-full is-resized\"><img loading=\"lazy\" decoding=\"async\" width=\"351\" height=\"225\" src=\"https:\/\/sistemasrbt.com\/wp-content\/uploads\/2023\/11\/1.4.jpg\" alt=\"\" class=\"wp-image-342\" style=\"width:181px;height:auto\" srcset=\"https:\/\/sistemasrbt.com\/wp-content\/uploads\/2023\/11\/1.4.jpg 351w, https:\/\/sistemasrbt.com\/wp-content\/uploads\/2023\/11\/1.4-300x192.jpg 300w\" sizes=\"(max-width: 351px) 100vw, 351px\" \/><\/figure><\/div><\/div>\n\n\n\n<div class=\"wp-block-column is-layout-flow wp-block-column-is-layout-flow\"><\/div>\n\n\n\n<div class=\"wp-block-column is-layout-flow wp-block-column-is-layout-flow\">\n<figure class=\"wp-block-image size-full is-resized\"><img loading=\"lazy\" decoding=\"async\" width=\"351\" height=\"225\" src=\"https:\/\/sistemasrbt.com\/wp-content\/uploads\/2023\/11\/1.5-1.jpg\" alt=\"\" class=\"wp-image-343\" style=\"width:181px;height:auto\" srcset=\"https:\/\/sistemasrbt.com\/wp-content\/uploads\/2023\/11\/1.5-1.jpg 351w, https:\/\/sistemasrbt.com\/wp-content\/uploads\/2023\/11\/1.5-1-300x192.jpg 300w\" sizes=\"(max-width: 351px) 100vw, 351px\" \/><\/figure>\n<\/div>\n<\/div>\n\n\n\n<p><\/p>\n\n\n\n<div class=\"wp-block-columns is-layout-flex wp-container-core-columns-layout-3 wp-block-columns-is-layout-flex\">\n<div class=\"wp-block-column is-layout-flow wp-block-column-is-layout-flow\"><div class=\"wp-block-image\">\n<figure class=\"aligncenter size-full is-resized\"><img loading=\"lazy\" decoding=\"async\" width=\"351\" height=\"225\" src=\"https:\/\/sistemasrbt.com\/wp-content\/uploads\/2023\/11\/1.6-1.jpg\" alt=\"\" class=\"wp-image-344\" style=\"width:232px;height:auto\" srcset=\"https:\/\/sistemasrbt.com\/wp-content\/uploads\/2023\/11\/1.6-1.jpg 351w, https:\/\/sistemasrbt.com\/wp-content\/uploads\/2023\/11\/1.6-1-300x192.jpg 300w\" sizes=\"(max-width: 351px) 100vw, 351px\" \/><\/figure><\/div><\/div>\n\n\n\n<div class=\"wp-block-column is-layout-flow wp-block-column-is-layout-flow\"><\/div>\n\n\n\n<div class=\"wp-block-column is-layout-flow wp-block-column-is-layout-flow\"><div class=\"wp-block-image\">\n<figure class=\"aligncenter size-full is-resized\"><img loading=\"lazy\" decoding=\"async\" width=\"351\" height=\"225\" src=\"https:\/\/sistemasrbt.com\/wp-content\/uploads\/2023\/11\/1.7.jpg\" alt=\"\" class=\"wp-image-345\" style=\"width:223px;height:auto\" srcset=\"https:\/\/sistemasrbt.com\/wp-content\/uploads\/2023\/11\/1.7.jpg 351w, https:\/\/sistemasrbt.com\/wp-content\/uploads\/2023\/11\/1.7-300x192.jpg 300w\" sizes=\"(max-width: 351px) 100vw, 351px\" \/><\/figure><\/div><\/div>\n<\/div>\n\n\n\n<p><\/p>\n\n\n<div class=\"wp-block-image\">\n<figure class=\"aligncenter size-full\"><img loading=\"lazy\" decoding=\"async\" width=\"351\" height=\"225\" src=\"https:\/\/sistemasrbt.com\/wp-content\/uploads\/2023\/11\/1.8.jpg\" alt=\"\" class=\"wp-image-346\" srcset=\"https:\/\/sistemasrbt.com\/wp-content\/uploads\/2023\/11\/1.8.jpg 351w, https:\/\/sistemasrbt.com\/wp-content\/uploads\/2023\/11\/1.8-300x192.jpg 300w\" sizes=\"(max-width: 351px) 100vw, 351px\" \/><\/figure><\/div><\/div>\n<\/div>\n","protected":false},"excerpt":{"rendered":"<p>La Enfajadora ELA-EL de entrada lateral es una\u00a0m\u00e1quina totalmente automatizada para el proceso de PRE-\u00a0retr\u00e1ctil de productos encajados, Al igual que la Enfajadora\u00a0ELA, en un solo proceso envuelve el producto&#8230;<\/p>\n","protected":false},"author":2,"featured_media":0,"parent":0,"menu_order":0,"comment_status":"closed","ping_status":"closed","template":"","meta":{"_kad_post_transparent":"","_kad_post_title":"","_kad_post_layout":"","_kad_post_sidebar_id":"","_kad_post_content_style":"","_kad_post_vertical_padding":"","_kad_post_feature":"","_kad_post_feature_position":"","_kad_post_header":false,"_kad_post_footer":false,"_kad_post_classname":"","footnotes":""},"_links":{"self":[{"href":"https:\/\/sistemasrbt.com\/index.php?rest_route=\/wp\/v2\/pages\/338"}],"collection":[{"href":"https:\/\/sistemasrbt.com\/index.php?rest_route=\/wp\/v2\/pages"}],"about":[{"href":"https:\/\/sistemasrbt.com\/index.php?rest_route=\/wp\/v2\/types\/page"}],"author":[{"embeddable":true,"href":"https:\/\/sistemasrbt.com\/index.php?rest_route=\/wp\/v2\/users\/2"}],"replies":[{"embeddable":true,"href":"https:\/\/sistemasrbt.com\/index.php?rest_route=%2Fwp%2Fv2%2Fcomments&post=338"}],"version-history":[{"count":2,"href":"https:\/\/sistemasrbt.com\/index.php?rest_route=\/wp\/v2\/pages\/338\/revisions"}],"predecessor-version":[{"id":349,"href":"https:\/\/sistemasrbt.com\/index.php?rest_route=\/wp\/v2\/pages\/338\/revisions\/349"}],"wp:attachment":[{"href":"https:\/\/sistemasrbt.com\/index.php?rest_route=%2Fwp%2Fv2%2Fmedia&parent=338"}],"curies":[{"name":"wp","href":"https:\/\/api.w.org\/{rel}","templated":true}]}}