{"id":357,"date":"2023-11-30T18:06:13","date_gmt":"2023-11-30T18:06:13","guid":{"rendered":"https:\/\/sistemasrbt.com\/?page_id=357"},"modified":"2023-11-30T18:18:18","modified_gmt":"2023-11-30T18:18:18","slug":"envasadoras-verticales","status":"publish","type":"page","link":"https:\/\/sistemasrbt.com\/?page_id=357","title":{"rendered":"Envasadoras Verticales"},"content":{"rendered":"\n<p class=\"has-text-align-center has-medium-font-size\">Nacido de la colaboraci\u00f3n entre Sistemas RBT y Velteko, importamos su gama de envasadoras verticales de alta producci\u00f3n y bajo consumo energ\u00e9tico,&nbsp; listas para funcionar con multitud de tipos de paquetes y diferentes formas de sellado y cerrado de los mismos.<\/p>\n\n\n<div class=\"wp-block-image\">\n<figure class=\"aligncenter size-full is-resized\"><a href=\"https:\/\/sistemasrbt.com\/?page_id=363\"><img loading=\"lazy\" decoding=\"async\" width=\"254\" height=\"227\" src=\"https:\/\/sistemasrbt.com\/wp-content\/uploads\/2023\/11\/5.png\" alt=\"\" class=\"wp-image-358\" style=\"width:350px;height:auto\" \/><\/a><\/figure><\/div>\n\n\n<p class=\"has-text-align-center\">MODELO US-60<\/p>\n","protected":false},"excerpt":{"rendered":"<p>Nacido de la colaboraci\u00f3n entre Sistemas RBT y Velteko, importamos su gama de envasadoras verticales de alta producci\u00f3n y bajo consumo energ\u00e9tico,&nbsp; listas para funcionar con multitud de tipos de&#8230;<\/p>\n","protected":false},"author":2,"featured_media":0,"parent":0,"menu_order":0,"comment_status":"closed","ping_status":"closed","template":"","meta":{"_kad_post_transparent":"","_kad_post_title":"","_kad_post_layout":"","_kad_post_sidebar_id":"","_kad_post_content_style":"","_kad_post_vertical_padding":"","_kad_post_feature":"","_kad_post_feature_position":"","_kad_post_header":false,"_kad_post_footer":false,"_kad_post_classname":"","footnotes":""},"_links":{"self":[{"href":"https:\/\/sistemasrbt.com\/index.php?rest_route=\/wp\/v2\/pages\/357"}],"collection":[{"href":"https:\/\/sistemasrbt.com\/index.php?rest_route=\/wp\/v2\/pages"}],"about":[{"href":"https:\/\/sistemasrbt.com\/index.php?rest_route=\/wp\/v2\/types\/page"}],"author":[{"embeddable":true,"href":"https:\/\/sistemasrbt.com\/index.php?rest_route=\/wp\/v2\/users\/2"}],"replies":[{"embeddable":true,"href":"https:\/\/sistemasrbt.com\/index.php?rest_route=%2Fwp%2Fv2%2Fcomments&post=357"}],"version-history":[{"count":3,"href":"https:\/\/sistemasrbt.com\/index.php?rest_route=\/wp\/v2\/pages\/357\/revisions"}],"predecessor-version":[{"id":370,"href":"https:\/\/sistemasrbt.com\/index.php?rest_route=\/wp\/v2\/pages\/357\/revisions\/370"}],"wp:attachment":[{"href":"https:\/\/sistemasrbt.com\/index.php?rest_route=%2Fwp%2Fv2%2Fmedia&parent=357"}],"curies":[{"name":"wp","href":"https:\/\/api.w.org\/{rel}","templated":true}]}}