{"id":363,"date":"2023-11-30T18:14:08","date_gmt":"2023-11-30T18:14:08","guid":{"rendered":"https:\/\/sistemasrbt.com\/?page_id=363"},"modified":"2023-11-30T18:14:10","modified_gmt":"2023-11-30T18:14:10","slug":"envasadora-verticalmodelo-us-60","status":"publish","type":"page","link":"https:\/\/sistemasrbt.com\/?page_id=363","title":{"rendered":"ENVASADORA VERTICALMODELO US-60"},"content":{"rendered":"\n<div class=\"wp-block-columns is-layout-flex wp-container-core-columns-layout-2 wp-block-columns-is-layout-flex\">\n<div class=\"wp-block-column is-layout-flow wp-block-column-is-layout-flow\">\n<p>Sistemas RBT, en colaboraci\u00f3n con Velteko,\u00a0ofrecemos en nuestro catalogo una serie de Envasadoras\u00a0verticales de alta producci\u00f3n y bajo coste.<\/p>\n\n\n\n<p>La m\u00e1quina US-60, es una envasadora de alta\u00a0producci\u00f3n, bajo coste y m\u00ednimo mantenimiento para el\u00a0envasado y sellado de paquetes, admitiendo varios formatos\u00a0posibles, de tama\u00f1o y forma, y varios tipos de cierre o\u00a0sellado de los mismos, con pegatina, sellado, con cierre\u00a0herm\u00e9tico, cierre reutilizable, etc&#8230;<\/p>\n\n\n\n<p>La construcci\u00f3n esta realizada de forma modular,\u00a0basada en una robusta estructura, por lo que se pueden\u00a0a\u00f1adir diferentes m\u00f3dulos seg\u00fan las necesidades o la\u00a0evoluci\u00f3n que quiera realizar. Incorpora una unidad auxiliar\u00a0para la fabricaci\u00f3n de bolsas de bloque, mediante\u00a0\u00a0estaciones de trabajo con discos independientes.<\/p>\n\n\n\n<p>El manejo y control de la m\u00e1quina se realiza de\u00a0manera f\u00e1cil e intuitiva a trav\u00e9s de una pantalla t\u00e1ctil\u00a0\u00a0integrada en la estructura de la m\u00e1quina. Basada en la\u00a0\u00faltima tecnolog\u00eda de Beckhoff PC.<\/p>\n<\/div>\n\n\n\n<div class=\"wp-block-column is-layout-flow wp-block-column-is-layout-flow\"><div class=\"wp-block-image\">\n<figure class=\"aligncenter size-full\"><a href=\"https:\/\/www.velteko.com\/\"><img loading=\"lazy\" decoding=\"async\" width=\"254\" height=\"227\" src=\"https:\/\/sistemasrbt.com\/wp-content\/uploads\/2023\/11\/5-1.png\" alt=\"\" class=\"wp-image-364\" \/><\/a><\/figure><\/div>\n\n\n<p><\/p>\n\n\n\n<div class=\"wp-block-columns is-layout-flex wp-container-core-columns-layout-1 wp-block-columns-is-layout-flex\">\n<div class=\"wp-block-column is-layout-flow wp-block-column-is-layout-flow\"><div class=\"wp-block-image\">\n<figure class=\"aligncenter size-full\"><a href=\"https:\/\/www.velteko.com\/\"><img loading=\"lazy\" decoding=\"async\" width=\"351\" height=\"225\" src=\"https:\/\/sistemasrbt.com\/wp-content\/uploads\/2023\/11\/3.1-1.jpg\" alt=\"\" class=\"wp-image-365\" srcset=\"https:\/\/sistemasrbt.com\/wp-content\/uploads\/2023\/11\/3.1-1.jpg 351w, https:\/\/sistemasrbt.com\/wp-content\/uploads\/2023\/11\/3.1-1-300x192.jpg 300w\" sizes=\"(max-width: 351px) 100vw, 351px\" \/><\/a><\/figure><\/div><\/div>\n\n\n\n<div class=\"wp-block-column is-layout-flow wp-block-column-is-layout-flow\"><\/div>\n\n\n\n<div class=\"wp-block-column is-layout-flow wp-block-column-is-layout-flow\"><div class=\"wp-block-image\">\n<figure class=\"aligncenter size-full\"><a href=\"https:\/\/www.velteko.com\/\"><img loading=\"lazy\" decoding=\"async\" width=\"351\" height=\"225\" src=\"https:\/\/sistemasrbt.com\/wp-content\/uploads\/2023\/11\/3-1.jpg\" alt=\"\" class=\"wp-image-366\" srcset=\"https:\/\/sistemasrbt.com\/wp-content\/uploads\/2023\/11\/3-1.jpg 351w, https:\/\/sistemasrbt.com\/wp-content\/uploads\/2023\/11\/3-1-300x192.jpg 300w\" sizes=\"(max-width: 351px) 100vw, 351px\" \/><\/a><\/figure><\/div><\/div>\n<\/div>\n\n\n\n<p><\/p>\n\n\n<div class=\"wp-block-image\">\n<figure class=\"aligncenter size-full\"><a href=\"https:\/\/www.velteko.com\/\"><img loading=\"lazy\" decoding=\"async\" width=\"351\" height=\"225\" src=\"https:\/\/sistemasrbt.com\/wp-content\/uploads\/2023\/11\/3.3-1.jpg\" alt=\"\" class=\"wp-image-367\" srcset=\"https:\/\/sistemasrbt.com\/wp-content\/uploads\/2023\/11\/3.3-1.jpg 351w, https:\/\/sistemasrbt.com\/wp-content\/uploads\/2023\/11\/3.3-1-300x192.jpg 300w\" sizes=\"(max-width: 351px) 100vw, 351px\" \/><\/a><\/figure><\/div><\/div>\n<\/div>\n","protected":false},"excerpt":{"rendered":"<p>Sistemas RBT, en colaboraci\u00f3n con Velteko,\u00a0ofrecemos en nuestro catalogo una serie de Envasadoras\u00a0verticales de alta producci\u00f3n y bajo coste. La m\u00e1quina US-60, es una envasadora de alta\u00a0producci\u00f3n, bajo coste y&#8230;<\/p>\n","protected":false},"author":2,"featured_media":0,"parent":0,"menu_order":0,"comment_status":"closed","ping_status":"closed","template":"","meta":{"_kad_post_transparent":"","_kad_post_title":"","_kad_post_layout":"","_kad_post_sidebar_id":"","_kad_post_content_style":"","_kad_post_vertical_padding":"","_kad_post_feature":"","_kad_post_feature_position":"","_kad_post_header":false,"_kad_post_footer":false,"_kad_post_classname":"","footnotes":""},"_links":{"self":[{"href":"https:\/\/sistemasrbt.com\/index.php?rest_route=\/wp\/v2\/pages\/363"}],"collection":[{"href":"https:\/\/sistemasrbt.com\/index.php?rest_route=\/wp\/v2\/pages"}],"about":[{"href":"https:\/\/sistemasrbt.com\/index.php?rest_route=\/wp\/v2\/types\/page"}],"author":[{"embeddable":true,"href":"https:\/\/sistemasrbt.com\/index.php?rest_route=\/wp\/v2\/users\/2"}],"replies":[{"embeddable":true,"href":"https:\/\/sistemasrbt.com\/index.php?rest_route=%2Fwp%2Fv2%2Fcomments&post=363"}],"version-history":[{"count":1,"href":"https:\/\/sistemasrbt.com\/index.php?rest_route=\/wp\/v2\/pages\/363\/revisions"}],"predecessor-version":[{"id":369,"href":"https:\/\/sistemasrbt.com\/index.php?rest_route=\/wp\/v2\/pages\/363\/revisions\/369"}],"wp:attachment":[{"href":"https:\/\/sistemasrbt.com\/index.php?rest_route=%2Fwp%2Fv2%2Fmedia&parent=363"}],"curies":[{"name":"wp","href":"https:\/\/api.w.org\/{rel}","templated":true}]}}