{"id":371,"date":"2023-11-30T18:25:41","date_gmt":"2023-11-30T18:25:41","guid":{"rendered":"https:\/\/sistemasrbt.com\/?page_id=371"},"modified":"2023-11-30T18:34:07","modified_gmt":"2023-11-30T18:34:07","slug":"paletizadores","status":"publish","type":"page","link":"https:\/\/sistemasrbt.com\/?page_id=371","title":{"rendered":"Paletizadores"},"content":{"rendered":"\n<p class=\"has-text-align-center has-medium-font-size\">Nuestra oferta de paletizadores, se ofrece con el fin de que el cliente obtenga una m\u00e1quina vers\u00e1til, de alta producci\u00f3n y completamente automatizada y preconfigurada de acuerdo a su tipo de paletizado y presentaci\u00f3n final, seleccionando el dibujo de paletizado a realizar por el paletizador de forma totalmente autom\u00e1tica.<\/p>\n\n\n<div class=\"wp-block-image\">\n<figure class=\"aligncenter size-full\"><a href=\"https:\/\/sistemasrbt.com\/?page_id=376\"><img loading=\"lazy\" decoding=\"async\" width=\"239\" height=\"153\" src=\"https:\/\/sistemasrbt.com\/wp-content\/uploads\/2023\/11\/6-2.png\" alt=\"\" class=\"wp-image-372\" \/><\/a><\/figure><\/div>\n\n\n<p class=\"has-text-align-center\">PALETIZADOR DE EJES CARTESIANOS<\/p>\n","protected":false},"excerpt":{"rendered":"<p>Nuestra oferta de paletizadores, se ofrece con el fin de que el cliente obtenga una m\u00e1quina vers\u00e1til, de alta producci\u00f3n y completamente automatizada y preconfigurada de acuerdo a su tipo&#8230;<\/p>\n","protected":false},"author":2,"featured_media":0,"parent":0,"menu_order":0,"comment_status":"closed","ping_status":"closed","template":"","meta":{"_kad_post_transparent":"","_kad_post_title":"","_kad_post_layout":"","_kad_post_sidebar_id":"","_kad_post_content_style":"","_kad_post_vertical_padding":"","_kad_post_feature":"","_kad_post_feature_position":"","_kad_post_header":false,"_kad_post_footer":false,"_kad_post_classname":"","footnotes":""},"_links":{"self":[{"href":"https:\/\/sistemasrbt.com\/index.php?rest_route=\/wp\/v2\/pages\/371"}],"collection":[{"href":"https:\/\/sistemasrbt.com\/index.php?rest_route=\/wp\/v2\/pages"}],"about":[{"href":"https:\/\/sistemasrbt.com\/index.php?rest_route=\/wp\/v2\/types\/page"}],"author":[{"embeddable":true,"href":"https:\/\/sistemasrbt.com\/index.php?rest_route=\/wp\/v2\/users\/2"}],"replies":[{"embeddable":true,"href":"https:\/\/sistemasrbt.com\/index.php?rest_route=%2Fwp%2Fv2%2Fcomments&post=371"}],"version-history":[{"count":3,"href":"https:\/\/sistemasrbt.com\/index.php?rest_route=\/wp\/v2\/pages\/371\/revisions"}],"predecessor-version":[{"id":383,"href":"https:\/\/sistemasrbt.com\/index.php?rest_route=\/wp\/v2\/pages\/371\/revisions\/383"}],"wp:attachment":[{"href":"https:\/\/sistemasrbt.com\/index.php?rest_route=%2Fwp%2Fv2%2Fmedia&parent=371"}],"curies":[{"name":"wp","href":"https:\/\/api.w.org\/{rel}","templated":true}]}}