{"id":376,"date":"2023-11-30T18:31:23","date_gmt":"2023-11-30T18:31:23","guid":{"rendered":"https:\/\/sistemasrbt.com\/?page_id=376"},"modified":"2023-11-30T18:32:13","modified_gmt":"2023-11-30T18:32:13","slug":"paletizador-de-ejes-cartesianos","status":"publish","type":"page","link":"https:\/\/sistemasrbt.com\/?page_id=376","title":{"rendered":"PALETIZADOR DE EJES CARTESIANOS"},"content":{"rendered":"\n<p><\/p>\n\n\n\n<div class=\"wp-block-columns is-layout-flex wp-container-core-columns-layout-1 wp-block-columns-is-layout-flex\">\n<div class=\"wp-block-column is-layout-flow wp-block-column-is-layout-flow\">\n<p>El paletizador de ejes cartesianos es una m\u00e1quina\u00a0paletizadora de \u00faltima generaci\u00f3n, totalmente automatizada,\u00a0basada en el movimiento de los 3 ejes tridimensionales o\u00a0cartesianos. Su funci\u00f3n es realizar el Paletizado de productos\u00a0sobre un pallet europeo est\u00e1ndar de forma autom\u00e1tica,\u00a0pudiendo escoger entre diversos patrones de agrupaci\u00f3n y\/o\u00a0forma del producto dentro del pallet, el brazo paletizador es\u00a0capaz de girar sobre s\u00ed mismo para poder ajustar el producto\u00a0dentro del pallet y seg\u00fan el patr\u00f3n pre programado por el\u00a0usuario. Este solo debe seleccionar dicho patr\u00f3n y mediante\u00a0sensores el brazo paletizador se encarga de llenar el pallet.<\/p>\n\n\n\n<p>El producto se introduce mediante un transportador de\u00a0entrada integrado en el propio paletizador, posicionando el\u00a0producto en el punto exacto\u00a0 predeterminado para que el\u00a0brazo pueda cogerlo. El brazo cuenta con un cabezal\u00a0neum\u00e1tico (est\u00e1ndar, capacidad de carga m\u00e1xima de 25 kilos,\u00a0otros tipos bajo pedido), encargado de coger mediante\u00a0succi\u00f3n el producto a paletizar, (seg\u00fan el peso del producto, el\u00a0cabezal neum\u00e1tico puede variar a uno mec\u00e1nico). Mediante\u00a0sensores se encarga de levantar, girar si fuera necesario y\u00a0posicionar en su lugar en el pallet el producto.<\/p>\n\n\n\n<p>El brazo de Paletizado cuenta con movimiento vertical\u00a0y rotatorio sobre s\u00ed mismo, es telesc\u00f3pico, auto repleg\u00e1ndose\u00a0sobre s\u00ed mismo en el movimiento de ascenso, para reducir la\u00a0altura necesaria en la nave cuando el brazo se encuentre en\u00a0su parte m\u00e1s alta y aumentando la altura \u00fatil de llenado de\u00a0pallet, siendo la altura m\u00e1xima de pallet de 1,8 metros.<\/p>\n\n\n\n<p>El brazo paletizador va montado sobre dos carros\u00a0m\u00f3viles que le proporcionan el movimiento en tres\u00a0dimensiones, basado en gu\u00edas lineales y correas de\u00a0transmisi\u00f3n para un movimiento preciso y lo m\u00e1s silencioso\u00a0posible. (Seg\u00fan el peso del producto esta configuraci\u00f3n puede cambiar).<\/p>\n\n\n\n<p>El Paletizador Cartesiano cuenta con sistema de\u00a0transporte para la extracci\u00f3n del pallet completado, para\u00a0posicionarlo fuera del p\u00f3rtico del brazo de Paletizado, de\u00a0modo que el operario puede recoger el pallet (o el mecanismo\u00a0automatizado que pueda existir), mientras el paletizador sigue\u00a0trabajando en el siguiente pallet, sin necesidad de interrumpir\u00a0la marcha.<\/p>\n\n\n\n<p>Incorpora, un dep\u00f3sito de pallet autom\u00e1tico para una\u00a0mayor autonom\u00eda de trabajo del paletizador de hasta 8 pallets,\u00a0que pueden ser rellenados por el operario sin necesidad de\u00a0detener la m\u00e1quina. Con lo que los tiempos de reposici\u00f3n y\u00a0paradas t\u00e9cnicas se reducen considerablemente, aumentando la productividad del paletizador.<\/p>\n\n\n\n<p>El Paletizado cartesiano cuenta con un cuadro el\u00e9ctrico\u00a0integrado para el soporte e integraci\u00f3n de las partes\u00a0electr\u00f3nicas de control del brazo, incorpora una pantalla t\u00e1ctil\u00a0de \u00faltima generaci\u00f3n para el control de la m\u00e1quina, as\u00ed como\u00a0de la selecci\u00f3n de los patrones pre configurados de Paletizado y posicionado que el brazo paletizador puede llevar a cabo.<\/p>\n<\/div>\n\n\n\n<div class=\"wp-block-column is-layout-flow wp-block-column-is-layout-flow\"><div class=\"wp-block-image\">\n<figure class=\"aligncenter size-full\"><img loading=\"lazy\" decoding=\"async\" width=\"351\" height=\"225\" src=\"https:\/\/sistemasrbt.com\/wp-content\/uploads\/2023\/11\/6.1.jpg\" alt=\"\" class=\"wp-image-377\" srcset=\"https:\/\/sistemasrbt.com\/wp-content\/uploads\/2023\/11\/6.1.jpg 351w, https:\/\/sistemasrbt.com\/wp-content\/uploads\/2023\/11\/6.1-300x192.jpg 300w\" sizes=\"(max-width: 351px) 100vw, 351px\" \/><\/figure><\/div>\n\n\n<p><\/p>\n\n\n<div class=\"wp-block-image\">\n<figure class=\"aligncenter size-full\"><img loading=\"lazy\" decoding=\"async\" width=\"351\" height=\"225\" src=\"https:\/\/sistemasrbt.com\/wp-content\/uploads\/2023\/11\/6.2.jpg\" alt=\"\" class=\"wp-image-378\" srcset=\"https:\/\/sistemasrbt.com\/wp-content\/uploads\/2023\/11\/6.2.jpg 351w, https:\/\/sistemasrbt.com\/wp-content\/uploads\/2023\/11\/6.2-300x192.jpg 300w\" sizes=\"(max-width: 351px) 100vw, 351px\" \/><\/figure><\/div>\n\n\n<p><\/p>\n\n\n<div class=\"wp-block-image\">\n<figure class=\"aligncenter size-full\"><img loading=\"lazy\" decoding=\"async\" width=\"351\" height=\"225\" src=\"https:\/\/sistemasrbt.com\/wp-content\/uploads\/2023\/11\/6.3.jpg\" alt=\"\" class=\"wp-image-379\" srcset=\"https:\/\/sistemasrbt.com\/wp-content\/uploads\/2023\/11\/6.3.jpg 351w, https:\/\/sistemasrbt.com\/wp-content\/uploads\/2023\/11\/6.3-300x192.jpg 300w\" sizes=\"(max-width: 351px) 100vw, 351px\" \/><\/figure><\/div>\n\n\n<p><\/p>\n\n\n<div class=\"wp-block-image\">\n<figure class=\"aligncenter size-full\"><img loading=\"lazy\" decoding=\"async\" width=\"351\" height=\"225\" src=\"https:\/\/sistemasrbt.com\/wp-content\/uploads\/2023\/11\/6.4.jpg\" alt=\"\" class=\"wp-image-380\" srcset=\"https:\/\/sistemasrbt.com\/wp-content\/uploads\/2023\/11\/6.4.jpg 351w, https:\/\/sistemasrbt.com\/wp-content\/uploads\/2023\/11\/6.4-300x192.jpg 300w\" sizes=\"(max-width: 351px) 100vw, 351px\" \/><\/figure><\/div><\/div>\n<\/div>\n","protected":false},"excerpt":{"rendered":"<p>El paletizador de ejes cartesianos es una m\u00e1quina\u00a0paletizadora de \u00faltima generaci\u00f3n, totalmente automatizada,\u00a0basada en el movimiento de los 3 ejes tridimensionales o\u00a0cartesianos. Su funci\u00f3n es realizar el Paletizado de productos\u00a0sobre&#8230;<\/p>\n","protected":false},"author":2,"featured_media":0,"parent":0,"menu_order":0,"comment_status":"closed","ping_status":"closed","template":"","meta":{"_kad_post_transparent":"","_kad_post_title":"","_kad_post_layout":"","_kad_post_sidebar_id":"","_kad_post_content_style":"","_kad_post_vertical_padding":"","_kad_post_feature":"","_kad_post_feature_position":"","_kad_post_header":false,"_kad_post_footer":false,"_kad_post_classname":"","footnotes":""},"_links":{"self":[{"href":"https:\/\/sistemasrbt.com\/index.php?rest_route=\/wp\/v2\/pages\/376"}],"collection":[{"href":"https:\/\/sistemasrbt.com\/index.php?rest_route=\/wp\/v2\/pages"}],"about":[{"href":"https:\/\/sistemasrbt.com\/index.php?rest_route=\/wp\/v2\/types\/page"}],"author":[{"embeddable":true,"href":"https:\/\/sistemasrbt.com\/index.php?rest_route=\/wp\/v2\/users\/2"}],"replies":[{"embeddable":true,"href":"https:\/\/sistemasrbt.com\/index.php?rest_route=%2Fwp%2Fv2%2Fcomments&post=376"}],"version-history":[{"count":1,"href":"https:\/\/sistemasrbt.com\/index.php?rest_route=\/wp\/v2\/pages\/376\/revisions"}],"predecessor-version":[{"id":382,"href":"https:\/\/sistemasrbt.com\/index.php?rest_route=\/wp\/v2\/pages\/376\/revisions\/382"}],"wp:attachment":[{"href":"https:\/\/sistemasrbt.com\/index.php?rest_route=%2Fwp%2Fv2%2Fmedia&parent=376"}],"curies":[{"name":"wp","href":"https:\/\/api.w.org\/{rel}","templated":true}]}}