{"id":389,"date":"2023-12-01T14:27:06","date_gmt":"2023-12-01T14:27:06","guid":{"rendered":"https:\/\/sistemasrbt.com\/?page_id=389"},"modified":"2023-12-01T15:13:19","modified_gmt":"2023-12-01T15:13:19","slug":"tunel-microondas","status":"publish","type":"page","link":"https:\/\/sistemasrbt.com\/?page_id=389","title":{"rendered":"T\u00fanel Microondas"},"content":{"rendered":"\n<p class=\"has-text-align-center has-medium-font-size\">Disponemos de la mayor gama de t\u00faneles de \u00faltima tecnolog\u00eda, basados en el funcionamiento mediante microondas, la tecnolog\u00eda de microondas permite un calentamiento instant\u00e1neo por lo que la distancia necesaria se reduce considerablemente, son altamente eficientes y ecol\u00f3gicos, permiten adaptar la temperatura y el tiempo de exposici\u00f3n de cada producto seg\u00fan las necesidades, adem\u00e1s gracias a sus caracter\u00edsticas permite la desinfecci\u00f3n y limpieza de casi todos los productos susceptibles de necesitar limpieza, (parasitaria sobre todo).<\/p>\n\n\n\n<div class=\"wp-block-columns is-layout-flex wp-container-core-columns-layout-1 wp-block-columns-is-layout-flex\">\n<div class=\"wp-block-column is-layout-flow wp-block-column-is-layout-flow\"><div class=\"wp-block-image\">\n<figure class=\"aligncenter size-full\"><a href=\"https:\/\/sistemasrbt.com\/?page_id=403\"><img loading=\"lazy\" decoding=\"async\" width=\"162\" height=\"173\" src=\"https:\/\/sistemasrbt.com\/wp-content\/uploads\/2023\/12\/1.1.png\" alt=\"\" class=\"wp-image-390\" \/><\/a><\/figure><\/div>\n\n\n<p class=\"has-text-align-center has-medium-font-size\">T\u00daNEL MICROONDAS ESTACIONARIO<\/p>\n<\/div>\n\n\n\n<div class=\"wp-block-column is-layout-flow wp-block-column-is-layout-flow\"><div class=\"wp-block-image\">\n<figure class=\"aligncenter size-full\"><a href=\"https:\/\/sistemasrbt.com\/?page_id=395\"><img loading=\"lazy\" decoding=\"async\" width=\"249\" height=\"168\" src=\"https:\/\/sistemasrbt.com\/wp-content\/uploads\/2023\/12\/1.2.png\" alt=\"\" class=\"wp-image-391\" \/><\/a><\/figure><\/div>\n\n\n<p class=\"has-text-align-center has-medium-font-size\">T\u00daNEL MICROONDAS EN CONTINUO<\/p>\n<\/div>\n<\/div>\n","protected":false},"excerpt":{"rendered":"<p>Disponemos de la mayor gama de t\u00faneles de \u00faltima tecnolog\u00eda, basados en el funcionamiento mediante microondas, la tecnolog\u00eda de microondas permite un calentamiento instant\u00e1neo por lo que la distancia necesaria&#8230;<\/p>\n","protected":false},"author":2,"featured_media":0,"parent":0,"menu_order":0,"comment_status":"closed","ping_status":"closed","template":"","meta":{"_kad_post_transparent":"","_kad_post_title":"","_kad_post_layout":"","_kad_post_sidebar_id":"","_kad_post_content_style":"","_kad_post_vertical_padding":"","_kad_post_feature":"","_kad_post_feature_position":"","_kad_post_header":false,"_kad_post_footer":false,"_kad_post_classname":"","footnotes":""},"_links":{"self":[{"href":"https:\/\/sistemasrbt.com\/index.php?rest_route=\/wp\/v2\/pages\/389"}],"collection":[{"href":"https:\/\/sistemasrbt.com\/index.php?rest_route=\/wp\/v2\/pages"}],"about":[{"href":"https:\/\/sistemasrbt.com\/index.php?rest_route=\/wp\/v2\/types\/page"}],"author":[{"embeddable":true,"href":"https:\/\/sistemasrbt.com\/index.php?rest_route=\/wp\/v2\/users\/2"}],"replies":[{"embeddable":true,"href":"https:\/\/sistemasrbt.com\/index.php?rest_route=%2Fwp%2Fv2%2Fcomments&post=389"}],"version-history":[{"count":3,"href":"https:\/\/sistemasrbt.com\/index.php?rest_route=\/wp\/v2\/pages\/389\/revisions"}],"predecessor-version":[{"id":424,"href":"https:\/\/sistemasrbt.com\/index.php?rest_route=\/wp\/v2\/pages\/389\/revisions\/424"}],"wp:attachment":[{"href":"https:\/\/sistemasrbt.com\/index.php?rest_route=%2Fwp%2Fv2%2Fmedia&parent=389"}],"curies":[{"name":"wp","href":"https:\/\/api.w.org\/{rel}","templated":true}]}}