{"id":395,"date":"2023-12-01T14:36:02","date_gmt":"2023-12-01T14:36:02","guid":{"rendered":"https:\/\/sistemasrbt.com\/?page_id=395"},"modified":"2023-12-01T14:36:42","modified_gmt":"2023-12-01T14:36:42","slug":"tunel-microondas-en-continuo-tcm","status":"publish","type":"page","link":"https:\/\/sistemasrbt.com\/?page_id=395","title":{"rendered":"T\u00daNEL MICROONDAS EN CONTINUO TCM"},"content":{"rendered":"\n<div class=\"wp-block-columns is-layout-flex wp-container-core-columns-layout-1 wp-block-columns-is-layout-flex\">\n<div class=\"wp-block-column is-layout-flow wp-block-column-is-layout-flow\">\n<p>En nuestro departamento de I+D, en Sistemas RBT\u00a0hemos desarrollado una innovadora m\u00e1quina de secado-\u00a0desinfecci\u00f3n-moldeado de m\u00faltiples posibles productos\u00a0usando la tecnolog\u00eda de Microondas.<\/p>\n\n\n\n<p>Dicha tecnolog\u00eda innovadora se basa en el uso de\u00a0microondas aplicando calor sobre el producto, consiguiendo\u00a0realizar el secado o la desinfecci\u00f3n o confecci\u00f3n de piezas\u00a0como moldes y estructuras, de forma r\u00e1pida, totalmente\u00a0silenciosa, ecol\u00f3gica y econ\u00f3mica.<\/p>\n\n\n\n<p>Bajo este concepto, y con la firme intenci\u00f3n de\u00a0proporcionar siempre la mejor m\u00e1quina y el mejor servicio al\u00a0cliente posible. Hemos desarrollado el T\u00fanel de Microondas\u00a0en Continuo TCM, al igual que el T\u00fanel de Microondas\u00a0Estacionario, usa la tecnolog\u00eda de microondas para general el\u00a0calor para el secado, desinfecci\u00f3n, o moldeado de piezas,\u00a0siendo el secado su principal \u00e1mbito de aplicaci\u00f3n.<\/p>\n\n\n\n<p>Construido integramente en Acero Inoxidable, el T\u00fanel\u00a0TCM, cuenta con dos zonas de\u00a0secado\/desinfecci\u00f3n\/moldeado, asistidas por microondas, el\u00a0transportador integrado permite la introducci\u00f3n de producto,\u00a0pudiendo ajustar la velocidad del mismo gracias al variador\u00a0electr\u00f3nico de velocidad incorporado de serie. El T\u00fanel\u00a0Continuo incorpora en su estructura una serie de puertas que\u00a0le aportan mayor vesatilidad, por un lado, ofrecen la\u00a0posibilidad de limpieza del interior, si por las caracter\u00edsticas\u00a0del producto fuera necesario, o para el simple mantenimiento.\u00a0Adem\u00e1s gracias a su avanzado software de \u00faltima generaci\u00f3n, se puede usar las puertas para usarlo en un momento dado,\u00a0como un t\u00fanel estacionario doble, ya que cuenta con fuentes\u00a0independientes, pudiendo usar solo una de las puertas\u00a0(cavidad), o las dos a la vez cada una con un producto distinto\u00a0en su interior, ya que gracias a su avanzo dise\u00f1o, las\u00a0caracter\u00edsticas de una cavidad no afectan ni influyen sobre la\u00a0otra cavidad.<\/p>\n\n\n\n<p>Esta caracter\u00edstica de doble cavidad, le aporta mayor\u00a0polivalencia y posibilidades de ajuste en su modo nativo, el\u00a0Continuo, pues en el T\u00fanel TCM, si el producto lo requiere se\u00a0puede ajustar cada cavidad para que actu\u00e9 de una manera,\u00a0con una temperatura diferente, de forma que seg\u00fan las\u00a0necesidades de secado\/desinfecci\u00f3n\/moldeado, se puede\u00a0hacer un precalentamiento en una c\u00e1mara, para despu\u00e9s\u00a0sobrecalentarlo en la segunda, o viceversa, u otras m\u00faltiples\u00a0combinaciones de esta funci\u00f3n, asegurando que en cualquier\u00a0caso, la efectividad del T\u00fanel TCM y reduciendo el consumo y\u00a0tiempo al m\u00ednimo que sea necesario para la aplicaci\u00f3n.<\/p>\n\n\n\n<p>El T\u00fanel TCM, cuenta con un sistema integrado de\u00a0extracci\u00f3n y refrigeraci\u00f3n de aire para impedir\u00a0sobrecalentamientos no deseados, bien dentro del t\u00fanel, que\u00a0pudiera producirse por acumulaci\u00f3n de calor despu\u00e9s de\u00a0varias horas, bien de sus componentes el\u00e9ctricos y\/o\u00a0mec\u00e1nicos, evitando posibles aver\u00edas, de este modo se\u00a0aumenta su vida \u00fatil y se reduce su mantenimiento\u00a0pr\u00e1cticamente a nada.<\/p>\n\n\n\n<p>Las m\u00faltiples posibilidades de configuraci\u00f3n se\u00a0complementan adem\u00e1s, con un sistema de generaci\u00f3n de\u00a0calor por resistencias blindadas con sistema de conducci\u00f3n,\u00a0que permiten, un precalentamiento de las c\u00e1maras si fuera\u00a0necesario, o un calentamiento mucho m\u00e1s r\u00e1pido al apoyar al\u00a0sistema de microondas, la posibilidad de realizar la\u00a0desinfecci\u00f3n\/secado\/moldeado por un sistema de calor\u00a0tradicional o ser usado en combinaci\u00f3n con el sistema de\u00a0microondas para una efectividad total. O simplemente no ser\u00a0usada gracias a las m\u00faltiples posibilidades y configuraciones\u00a0de su Software anteriormente comentadas.<\/p>\n\n\n\n<p>El T\u00fanel de Microondas Continuo TCM, cuenta con una\u00a0cuadro el\u00e9ctrico integrado con pantalla t\u00e1ctil de \u00faltima\u00a0generaci\u00f3n para la selecci\u00f3n de las m\u00faltiples funciones,\u00a0configuraciones y posibilidades que puede aportar: trabajar en\u00a0continuo, estacionario, resistencias&#8230; anteriormente\u00a0comentadas. Adem\u00e1s cuenta con un sistema de protecciones\u00a0que protegen todos los componentes en su interior, as\u00ed como\u00a0evitan posibles accidentes de operarios y le proporcionan un\u00a0dise\u00f1o impactante.<\/p>\n\n\n\n<p>Si desea obtener m\u00e1s informaci\u00f3n sobre el proceso de\u00a0secado\/desinfecci\u00f3n\/moldeado por Microondas, pinche en\u00a0\u201cM\u00e1s Informaci\u00f3n\u201d o bien puede dirigirse a nuestro equipo\u00a0t\u00e9cnico en el apartado \u201cContacto\u201d.<\/p>\n<\/div>\n\n\n\n<div class=\"wp-block-column is-layout-flow wp-block-column-is-layout-flow\"><div class=\"wp-block-image\">\n<figure class=\"aligncenter size-full\"><img loading=\"lazy\" decoding=\"async\" width=\"351\" height=\"225\" src=\"https:\/\/sistemasrbt.com\/wp-content\/uploads\/2023\/12\/1.1.jpg\" alt=\"\" class=\"wp-image-396\" srcset=\"https:\/\/sistemasrbt.com\/wp-content\/uploads\/2023\/12\/1.1.jpg 351w, https:\/\/sistemasrbt.com\/wp-content\/uploads\/2023\/12\/1.1-300x192.jpg 300w\" sizes=\"(max-width: 351px) 100vw, 351px\" \/><\/figure><\/div>\n\n\n<p><\/p>\n\n\n<div class=\"wp-block-image\">\n<figure class=\"aligncenter size-full\"><img loading=\"lazy\" decoding=\"async\" width=\"351\" height=\"225\" src=\"https:\/\/sistemasrbt.com\/wp-content\/uploads\/2023\/12\/1.2.jpg\" alt=\"\" class=\"wp-image-397\" srcset=\"https:\/\/sistemasrbt.com\/wp-content\/uploads\/2023\/12\/1.2.jpg 351w, https:\/\/sistemasrbt.com\/wp-content\/uploads\/2023\/12\/1.2-300x192.jpg 300w\" sizes=\"(max-width: 351px) 100vw, 351px\" \/><\/figure><\/div>\n\n\n<p><\/p>\n\n\n<div class=\"wp-block-image\">\n<figure class=\"aligncenter size-full\"><img loading=\"lazy\" decoding=\"async\" width=\"351\" height=\"225\" src=\"https:\/\/sistemasrbt.com\/wp-content\/uploads\/2023\/12\/1.3.jpg\" alt=\"\" class=\"wp-image-398\" srcset=\"https:\/\/sistemasrbt.com\/wp-content\/uploads\/2023\/12\/1.3.jpg 351w, https:\/\/sistemasrbt.com\/wp-content\/uploads\/2023\/12\/1.3-300x192.jpg 300w\" sizes=\"(max-width: 351px) 100vw, 351px\" \/><\/figure><\/div>\n\n\n<p><\/p>\n\n\n<div class=\"wp-block-image\">\n<figure class=\"aligncenter size-full\"><img loading=\"lazy\" decoding=\"async\" width=\"351\" height=\"225\" src=\"https:\/\/sistemasrbt.com\/wp-content\/uploads\/2023\/12\/1.4.jpg\" alt=\"\" class=\"wp-image-399\" srcset=\"https:\/\/sistemasrbt.com\/wp-content\/uploads\/2023\/12\/1.4.jpg 351w, https:\/\/sistemasrbt.com\/wp-content\/uploads\/2023\/12\/1.4-300x192.jpg 300w\" sizes=\"(max-width: 351px) 100vw, 351px\" \/><\/figure><\/div><\/div>\n<\/div>\n","protected":false},"excerpt":{"rendered":"<p>En nuestro departamento de I+D, en Sistemas RBT\u00a0hemos desarrollado una innovadora m\u00e1quina de secado-\u00a0desinfecci\u00f3n-moldeado de m\u00faltiples posibles productos\u00a0usando la tecnolog\u00eda de Microondas. Dicha tecnolog\u00eda innovadora se basa en el uso&#8230;<\/p>\n","protected":false},"author":2,"featured_media":0,"parent":0,"menu_order":0,"comment_status":"closed","ping_status":"closed","template":"","meta":{"_kad_post_transparent":"","_kad_post_title":"","_kad_post_layout":"","_kad_post_sidebar_id":"","_kad_post_content_style":"","_kad_post_vertical_padding":"","_kad_post_feature":"","_kad_post_feature_position":"","_kad_post_header":false,"_kad_post_footer":false,"_kad_post_classname":"","footnotes":""},"_links":{"self":[{"href":"https:\/\/sistemasrbt.com\/index.php?rest_route=\/wp\/v2\/pages\/395"}],"collection":[{"href":"https:\/\/sistemasrbt.com\/index.php?rest_route=\/wp\/v2\/pages"}],"about":[{"href":"https:\/\/sistemasrbt.com\/index.php?rest_route=\/wp\/v2\/types\/page"}],"author":[{"embeddable":true,"href":"https:\/\/sistemasrbt.com\/index.php?rest_route=\/wp\/v2\/users\/2"}],"replies":[{"embeddable":true,"href":"https:\/\/sistemasrbt.com\/index.php?rest_route=%2Fwp%2Fv2%2Fcomments&post=395"}],"version-history":[{"count":2,"href":"https:\/\/sistemasrbt.com\/index.php?rest_route=\/wp\/v2\/pages\/395\/revisions"}],"predecessor-version":[{"id":402,"href":"https:\/\/sistemasrbt.com\/index.php?rest_route=\/wp\/v2\/pages\/395\/revisions\/402"}],"wp:attachment":[{"href":"https:\/\/sistemasrbt.com\/index.php?rest_route=%2Fwp%2Fv2%2Fmedia&parent=395"}],"curies":[{"name":"wp","href":"https:\/\/api.w.org\/{rel}","templated":true}]}}