{"id":403,"date":"2023-12-01T14:47:15","date_gmt":"2023-12-01T14:47:15","guid":{"rendered":"https:\/\/sistemasrbt.com\/?page_id=403"},"modified":"2023-12-01T15:08:36","modified_gmt":"2023-12-01T15:08:36","slug":"tunel-microondas-en-continuo-tcm-2","status":"publish","type":"page","link":"https:\/\/sistemasrbt.com\/?page_id=403","title":{"rendered":"T\u00daNEL MICROONDAS ESTACIONARIO"},"content":{"rendered":"\n<div class=\"wp-block-columns is-layout-flex wp-container-core-columns-layout-1 wp-block-columns-is-layout-flex\">\n<div class=\"wp-block-column is-layout-flow wp-block-column-is-layout-flow\">\n<p>En nuestro departamento de I+D, en Sistemas RBT\u00a0hemos desarrollado una innovadora m\u00e1quina de secado-\u00a0desinfecci\u00f3n-moldeado de m\u00faltiples posibles productos\u00a0usando la tecnolog\u00eda de Microondas.<\/p>\n\n\n\n<p>Dicha tecnolog\u00eda innovadora se basa en el uso de\u00a0microondas aplicando calor sobre el producto, consiguiendo\u00a0realizar el secado o la desinfecci\u00f3n o confecci\u00f3n de piezas\u00a0como moldes y estructuras, de forma r\u00e1pida, totalmente\u00a0silenciosa, ecol\u00f3gica y econ\u00f3mica.<\/p>\n\n\n\n<p>Bajo este concepto, y con la firme intenci\u00f3n de\u00a0proporcionar siempre la mejor m\u00e1quina y el mejor servicio al\u00a0cliente posible. Hemos desarrollado el T\u00fanel de Microondas\u00a0Estacionario. Esta m\u00e1quina permite el secado y\/o\u00a0desinfecci\u00f3n de objetos en su interior de forma estacionaria,\u00a0controlada manualmente por un operario. Con una capacidad aproximada de unos 500 litros, permite la introducci\u00f3n de\u00a0objetos de gran tama\u00f1o gracias a su puerta de grandes\u00a0dimensiones y f\u00e1cil acceso.<\/p>\n\n\n\n<p>El t\u00fanel Microondas Estacionario esta construido\u00a0\u00edntegramente el Acero inoxidable, cuenta con un sistema de\u00a0control de temperatura y tiempo de funcionamiento integrado\u00a0en la estructura desde el que se puede controlar todos los\u00a0par\u00e1metros de funcionamiento del t\u00fanel, cuenta con\u00a0retroiluminaci\u00f3n incorporada para asegurar la visibilidad en\u00a0su interior.<\/p>\n\n\n\n<p>Cuenta con un avanzado sistema de seguridad para\u00a0asegurar que si se produce una apertura accidental de la\u00a0puerta el sistema de microondas se detendr\u00e1\u00a0instant\u00e1neamente, adem\u00e1s de un sistema de refrigeraci\u00f3n de sus componentes totalmente instalado y automatizado.<\/p>\n\n\n\n<p>Seg\u00fan su finalidad para la que sea incorporado a la\u00a0producci\u00f3n, el T\u00fanel Estacionario puede incorporar un\u00a0sistema de resistencias y recogida de residuo para mantener el interior del t\u00fanel perfectamente limpio, sea cual sea el\u00a0producto que se este usando, sistema f\u00e1cilmente limpiable\u00a0gracias a su r\u00e1pido acceso.<\/p>\n<\/div>\n\n\n\n<div class=\"wp-block-column is-layout-flow wp-block-column-is-layout-flow\">\n<figure class=\"wp-block-image size-full\"><img loading=\"lazy\" decoding=\"async\" width=\"351\" height=\"225\" src=\"https:\/\/sistemasrbt.com\/wp-content\/uploads\/2023\/12\/2.jpg\" alt=\"\" class=\"wp-image-404\" srcset=\"https:\/\/sistemasrbt.com\/wp-content\/uploads\/2023\/12\/2.jpg 351w, https:\/\/sistemasrbt.com\/wp-content\/uploads\/2023\/12\/2-300x192.jpg 300w\" sizes=\"(max-width: 351px) 100vw, 351px\" \/><\/figure>\n\n\n\n<p><\/p>\n\n\n\n<figure class=\"wp-block-image size-full\"><img loading=\"lazy\" decoding=\"async\" width=\"351\" height=\"225\" src=\"https:\/\/sistemasrbt.com\/wp-content\/uploads\/2023\/12\/2.2.jpg\" alt=\"\" class=\"wp-image-405\" srcset=\"https:\/\/sistemasrbt.com\/wp-content\/uploads\/2023\/12\/2.2.jpg 351w, https:\/\/sistemasrbt.com\/wp-content\/uploads\/2023\/12\/2.2-300x192.jpg 300w\" sizes=\"(max-width: 351px) 100vw, 351px\" \/><\/figure>\n\n\n\n<p><\/p>\n\n\n\n<figure class=\"wp-block-image size-full\"><img loading=\"lazy\" decoding=\"async\" width=\"351\" height=\"225\" src=\"https:\/\/sistemasrbt.com\/wp-content\/uploads\/2023\/12\/2.3.jpg\" alt=\"\" class=\"wp-image-406\" srcset=\"https:\/\/sistemasrbt.com\/wp-content\/uploads\/2023\/12\/2.3.jpg 351w, https:\/\/sistemasrbt.com\/wp-content\/uploads\/2023\/12\/2.3-300x192.jpg 300w\" sizes=\"(max-width: 351px) 100vw, 351px\" \/><\/figure>\n<\/div>\n<\/div>\n","protected":false},"excerpt":{"rendered":"<p>En nuestro departamento de I+D, en Sistemas RBT\u00a0hemos desarrollado una innovadora m\u00e1quina de secado-\u00a0desinfecci\u00f3n-moldeado de m\u00faltiples posibles productos\u00a0usando la tecnolog\u00eda de Microondas. Dicha tecnolog\u00eda innovadora se basa en el uso&#8230;<\/p>\n","protected":false},"author":2,"featured_media":0,"parent":0,"menu_order":0,"comment_status":"closed","ping_status":"closed","template":"","meta":{"_kad_post_transparent":"","_kad_post_title":"","_kad_post_layout":"","_kad_post_sidebar_id":"","_kad_post_content_style":"","_kad_post_vertical_padding":"","_kad_post_feature":"","_kad_post_feature_position":"","_kad_post_header":false,"_kad_post_footer":false,"_kad_post_classname":"","footnotes":""},"_links":{"self":[{"href":"https:\/\/sistemasrbt.com\/index.php?rest_route=\/wp\/v2\/pages\/403"}],"collection":[{"href":"https:\/\/sistemasrbt.com\/index.php?rest_route=\/wp\/v2\/pages"}],"about":[{"href":"https:\/\/sistemasrbt.com\/index.php?rest_route=\/wp\/v2\/types\/page"}],"author":[{"embeddable":true,"href":"https:\/\/sistemasrbt.com\/index.php?rest_route=\/wp\/v2\/users\/2"}],"replies":[{"embeddable":true,"href":"https:\/\/sistemasrbt.com\/index.php?rest_route=%2Fwp%2Fv2%2Fcomments&post=403"}],"version-history":[{"count":2,"href":"https:\/\/sistemasrbt.com\/index.php?rest_route=\/wp\/v2\/pages\/403\/revisions"}],"predecessor-version":[{"id":423,"href":"https:\/\/sistemasrbt.com\/index.php?rest_route=\/wp\/v2\/pages\/403\/revisions\/423"}],"wp:attachment":[{"href":"https:\/\/sistemasrbt.com\/index.php?rest_route=%2Fwp%2Fv2%2Fmedia&parent=403"}],"curies":[{"name":"wp","href":"https:\/\/api.w.org\/{rel}","templated":true}]}}