{"id":409,"date":"2023-12-01T14:53:03","date_gmt":"2023-12-01T14:53:03","guid":{"rendered":"https:\/\/sistemasrbt.com\/?page_id=409"},"modified":"2023-12-01T15:02:16","modified_gmt":"2023-12-01T15:02:16","slug":"atadoras","status":"publish","type":"page","link":"https:\/\/sistemasrbt.com\/?page_id=409","title":{"rendered":"Atadoras"},"content":{"rendered":"\n<p class=\"has-text-align-center\">Disponemos de una amplia variedad de Atadoras semiautom\u00e1ticas, el atado se realiza a partir de alambre plastificado, con soporte integrado, tanto para la m\u00e1quina, para una r\u00e1pida colocaci\u00f3n cerca, o sobre, la l\u00ednea de producci\u00f3n, como para la bobina de alambre. Robustas, con m\u00ednimo mantenimiento, r\u00e1pido cambio de alambre y circuito neum\u00e1tico integrado con filtro.<\/p>\n\n\n<div class=\"wp-block-image\">\n<figure class=\"aligncenter size-full\"><a href=\"https:\/\/sistemasrbt.com\/?page_id=413\"><img loading=\"lazy\" decoding=\"async\" width=\"220\" height=\"151\" src=\"https:\/\/sistemasrbt.com\/wp-content\/uploads\/2023\/12\/4.png\" alt=\"\" class=\"wp-image-410\" \/><\/a><\/figure><\/div>\n\n\n<p class=\"has-text-align-center\">MODELO SMS-I(ACERO INOXIDABLE)<\/p>\n","protected":false},"excerpt":{"rendered":"<p>Disponemos de una amplia variedad de Atadoras semiautom\u00e1ticas, el atado se realiza a partir de alambre plastificado, con soporte integrado, tanto para la m\u00e1quina, para una r\u00e1pida colocaci\u00f3n cerca, o&#8230;<\/p>\n","protected":false},"author":2,"featured_media":0,"parent":0,"menu_order":0,"comment_status":"closed","ping_status":"closed","template":"","meta":{"_kad_post_transparent":"","_kad_post_title":"","_kad_post_layout":"","_kad_post_sidebar_id":"","_kad_post_content_style":"","_kad_post_vertical_padding":"","_kad_post_feature":"","_kad_post_feature_position":"","_kad_post_header":false,"_kad_post_footer":false,"_kad_post_classname":"","footnotes":""},"_links":{"self":[{"href":"https:\/\/sistemasrbt.com\/index.php?rest_route=\/wp\/v2\/pages\/409"}],"collection":[{"href":"https:\/\/sistemasrbt.com\/index.php?rest_route=\/wp\/v2\/pages"}],"about":[{"href":"https:\/\/sistemasrbt.com\/index.php?rest_route=\/wp\/v2\/types\/page"}],"author":[{"embeddable":true,"href":"https:\/\/sistemasrbt.com\/index.php?rest_route=\/wp\/v2\/users\/2"}],"replies":[{"embeddable":true,"href":"https:\/\/sistemasrbt.com\/index.php?rest_route=%2Fwp%2Fv2%2Fcomments&post=409"}],"version-history":[{"count":3,"href":"https:\/\/sistemasrbt.com\/index.php?rest_route=\/wp\/v2\/pages\/409\/revisions"}],"predecessor-version":[{"id":421,"href":"https:\/\/sistemasrbt.com\/index.php?rest_route=\/wp\/v2\/pages\/409\/revisions\/421"}],"wp:attachment":[{"href":"https:\/\/sistemasrbt.com\/index.php?rest_route=%2Fwp%2Fv2%2Fmedia&parent=409"}],"curies":[{"name":"wp","href":"https:\/\/api.w.org\/{rel}","templated":true}]}}