{"id":413,"date":"2023-12-01T15:00:27","date_gmt":"2023-12-01T15:00:27","guid":{"rendered":"https:\/\/sistemasrbt.com\/?page_id=413"},"modified":"2023-12-01T15:04:02","modified_gmt":"2023-12-01T15:04:02","slug":"maquina-atadora-de-alambre-plastificado-sm-system","status":"publish","type":"page","link":"https:\/\/sistemasrbt.com\/?page_id=413","title":{"rendered":"MAQUINA ATADORA DE ALAMBRE PLASTIFICADO SM SYSTEM"},"content":{"rendered":"\n<div class=\"wp-block-columns is-layout-flex wp-container-core-columns-layout-1 wp-block-columns-is-layout-flex\">\n<div class=\"wp-block-column is-layout-flow wp-block-column-is-layout-flow\">\n<p class=\"has-medium-font-size\">La Atadora SMSystem est\u00e1 dise\u00f1ada para atar por trenzado a partir de bobina<br>de alambre plastificado, con estructura<br>soporte en acero inoxidable, sistema<br>regulable para distintos niveles de altura<br>fija de trabajo.<br>Funcionamiento mecano-neum\u00e1tico, con<br>una capacidad aproximada de 25 bolsas<br>atadas por minuto, dependiendo del<br>material y tipo de bolsa a atar y del<br>producto envasado en la misma.<br>Gracias a su dise\u00f1o y reducido peso, el<br>cual le proporciona una gran versatilidad,<br>se puede transportar f\u00e1cilmente.<br>Sistema especial para un r\u00e1pido cambio<br>de bobina de alambre<br>Ajuste manual de la presi\u00f3n.<br>No necesita de conexi\u00f3n el\u00e9ctrica.<br>Se ofrece en dos versiones, soporte<br>en Acero inoxidable y cuerpo de la<br>m\u00e1quina pintado, o totalmente en Acero<br>inoxidable.<\/p>\n<\/div>\n\n\n\n<div class=\"wp-block-column is-layout-flow wp-block-column-is-layout-flow\">\n<figure class=\"wp-block-image size-full is-resized\"><img loading=\"lazy\" decoding=\"async\" width=\"506\" height=\"650\" src=\"https:\/\/sistemasrbt.com\/wp-content\/uploads\/2023\/12\/image-1.png\" alt=\"\" class=\"wp-image-415\" style=\"width:319px;height:auto\" srcset=\"https:\/\/sistemasrbt.com\/wp-content\/uploads\/2023\/12\/image-1.png 506w, https:\/\/sistemasrbt.com\/wp-content\/uploads\/2023\/12\/image-1-234x300.png 234w\" sizes=\"(max-width: 506px) 100vw, 506px\" \/><\/figure>\n\n\n\n<p><\/p>\n\n\n\n<figure class=\"wp-block-image size-full\"><img loading=\"lazy\" decoding=\"async\" width=\"436\" height=\"334\" src=\"https:\/\/sistemasrbt.com\/wp-content\/uploads\/2023\/12\/image-2.png\" alt=\"\" class=\"wp-image-416\" srcset=\"https:\/\/sistemasrbt.com\/wp-content\/uploads\/2023\/12\/image-2.png 436w, https:\/\/sistemasrbt.com\/wp-content\/uploads\/2023\/12\/image-2-300x230.png 300w\" sizes=\"(max-width: 436px) 100vw, 436px\" \/><\/figure>\n<\/div>\n<\/div>\n","protected":false},"excerpt":{"rendered":"<p>La Atadora SMSystem est\u00e1 dise\u00f1ada para atar por trenzado a partir de bobinade alambre plastificado, con estructurasoporte en acero inoxidable, sistemaregulable para distintos niveles de alturafija de trabajo.Funcionamiento mecano-neum\u00e1tico, conuna&#8230;<\/p>\n","protected":false},"author":2,"featured_media":0,"parent":0,"menu_order":0,"comment_status":"closed","ping_status":"closed","template":"","meta":{"_kad_post_transparent":"","_kad_post_title":"","_kad_post_layout":"","_kad_post_sidebar_id":"","_kad_post_content_style":"","_kad_post_vertical_padding":"","_kad_post_feature":"","_kad_post_feature_position":"","_kad_post_header":false,"_kad_post_footer":false,"_kad_post_classname":"","footnotes":""},"_links":{"self":[{"href":"https:\/\/sistemasrbt.com\/index.php?rest_route=\/wp\/v2\/pages\/413"}],"collection":[{"href":"https:\/\/sistemasrbt.com\/index.php?rest_route=\/wp\/v2\/pages"}],"about":[{"href":"https:\/\/sistemasrbt.com\/index.php?rest_route=\/wp\/v2\/types\/page"}],"author":[{"embeddable":true,"href":"https:\/\/sistemasrbt.com\/index.php?rest_route=\/wp\/v2\/users\/2"}],"replies":[{"embeddable":true,"href":"https:\/\/sistemasrbt.com\/index.php?rest_route=%2Fwp%2Fv2%2Fcomments&post=413"}],"version-history":[{"count":2,"href":"https:\/\/sistemasrbt.com\/index.php?rest_route=\/wp\/v2\/pages\/413\/revisions"}],"predecessor-version":[{"id":422,"href":"https:\/\/sistemasrbt.com\/index.php?rest_route=\/wp\/v2\/pages\/413\/revisions\/422"}],"wp:attachment":[{"href":"https:\/\/sistemasrbt.com\/index.php?rest_route=%2Fwp%2Fv2%2Fmedia&parent=413"}],"curies":[{"name":"wp","href":"https:\/\/api.w.org\/{rel}","templated":true}]}}