{"id":6,"date":"2023-08-30T10:27:23","date_gmt":"2023-08-30T10:27:23","guid":{"rendered":"https:\/\/sistemasrbt.com\/?page_id=6"},"modified":"2023-12-13T20:05:20","modified_gmt":"2023-12-13T20:05:20","slug":"bienvenido-a-https-sistemasrbt-com","status":"publish","type":"page","link":"https:\/\/sistemasrbt.com\/","title":{"rendered":"Maquinaria de calidad"},"content":{"rendered":"\n<figure class=\"wp-block-image size-full is-resized\"><img loading=\"lazy\" decoding=\"async\" width=\"754\" height=\"166\" src=\"https:\/\/sistemasrbt.com\/wp-content\/uploads\/2023\/11\/1-1.png\" alt=\"\" class=\"wp-image-187\" style=\"width:1120px;height:auto\" srcset=\"https:\/\/sistemasrbt.com\/wp-content\/uploads\/2023\/11\/1-1.png 754w, https:\/\/sistemasrbt.com\/wp-content\/uploads\/2023\/11\/1-1-300x66.png 300w, https:\/\/sistemasrbt.com\/wp-content\/uploads\/2023\/11\/1-1-600x132.png 600w\" sizes=\"(max-width: 754px) 100vw, 754px\" \/><\/figure>\n\n\n\n<p>  <\/p>\n\n\n\n<div class=\"wp-block-columns is-layout-flex wp-container-core-columns-layout-1 wp-block-columns-is-layout-flex\">\n<div class=\"wp-block-column is-layout-flow wp-block-column-is-layout-flow\" style=\"flex-basis:66.66%\">\n<p class=\"has-medium-font-size\"><strong><em>En Sistemas RBT nos dedicamos al dise\u00f1o y fabricaci\u00f3n&nbsp;de maquinaria industrial para sectores tan diversos como:<\/em><\/strong><\/p>\n\n\n\n<p class=\"has-medium-font-size\"><strong><em>Alimentaci\u00f3n, , piensos, Fertilizantes, Farmac\u00e9utico,&nbsp;Vidrio, fabricaci\u00f3n de escayolas, Petrol\u00edfero, Procesos de&nbsp;manipulado con silicio,&nbsp; Nuevas tecnolog\u00edas, etc&#8230;&nbsp;<\/em><\/strong><\/p>\n<\/div>\n\n\n\n<div class=\"wp-block-column is-layout-flow wp-block-column-is-layout-flow\" style=\"flex-basis:33.33%\">\n<figure class=\"wp-block-image size-full is-resized\"><img loading=\"lazy\" decoding=\"async\" width=\"297\" height=\"58\" src=\"https:\/\/sistemasrbt.com\/wp-content\/uploads\/2023\/11\/Sin-titulo.png\" alt=\"\" class=\"wp-image-132\" style=\"width:357px;height:auto\"\/><\/figure>\n\n\n\n<figure class=\"wp-block-image size-full is-resized\"><img loading=\"lazy\" decoding=\"async\" width=\"500\" height=\"384\" src=\"https:\/\/sistemasrbt.com\/wp-content\/uploads\/2023\/11\/TUNEL-DE-RETRACTIL-1.png\" alt=\"\" class=\"wp-image-145\" style=\"width:271px;height:auto\" srcset=\"https:\/\/sistemasrbt.com\/wp-content\/uploads\/2023\/11\/TUNEL-DE-RETRACTIL-1.png 500w, https:\/\/sistemasrbt.com\/wp-content\/uploads\/2023\/11\/TUNEL-DE-RETRACTIL-1-300x230.png 300w\" sizes=\"(max-width: 500px) 100vw, 500px\" \/><\/figure>\n<\/div>\n<\/div>\n\n\n\n<p class=\"has-medium-font-size\"><em>Nuestro sistema de dise\u00f1o y desarrollo de maquinaria&nbsp;nos permite llegar a practicamente cualquier sector del&nbsp;panorama industrial.&nbsp;&nbsp;<\/em><\/p>\n\n\n\n<p class=\"has-medium-font-size\"><em>La pol\u00edtica de la calidad de Sistemas RBT&nbsp; tiene el&nbsp;objetivo de mantenerse en la primera l\u00ednea de las empresas de&nbsp;su sector, en lo que respecta al nivel t\u00e9cnico y de desarrollo de&nbsp;sus servicios, para conseguir que los resultados sean&nbsp;satisfactorios tanto para sus Clientes como para sus&nbsp;empleados.<\/em><\/p>\n\n\n\n<p class=\"has-medium-font-size\"><em>Este objetivo global se apoya en la Pol\u00edtica de Calidad,&nbsp;definida e impulsada desde la direcci\u00f3n, que asume los&nbsp;compromisos de revisarla peri\u00f3dicamente, de cumplirla, y de&nbsp;exigir y vigilar su cumplimiento en toda la compa\u00f1\u00eda.<\/em><\/p>\n\n\n\n<p><\/p>\n","protected":false},"excerpt":{"rendered":"<p>En Sistemas RBT nos dedicamos al dise\u00f1o y fabricaci\u00f3n&nbsp;de maquinaria industrial para sectores tan diversos como: Alimentaci\u00f3n, , piensos, Fertilizantes, Farmac\u00e9utico,&nbsp;Vidrio, fabricaci\u00f3n de escayolas, Petrol\u00edfero, Procesos de&nbsp;manipulado con silicio,&nbsp; Nuevas&#8230;<\/p>\n","protected":false},"author":1,"featured_media":0,"parent":0,"menu_order":0,"comment_status":"closed","ping_status":"open","template":"","meta":{"_kad_post_transparent":"","_kad_post_title":"","_kad_post_layout":"","_kad_post_sidebar_id":"","_kad_post_content_style":"","_kad_post_vertical_padding":"","_kad_post_feature":"","_kad_post_feature_position":"","_kad_post_header":false,"_kad_post_footer":false,"_kad_post_classname":"","footnotes":""},"_links":{"self":[{"href":"https:\/\/sistemasrbt.com\/index.php?rest_route=\/wp\/v2\/pages\/6"}],"collection":[{"href":"https:\/\/sistemasrbt.com\/index.php?rest_route=\/wp\/v2\/pages"}],"about":[{"href":"https:\/\/sistemasrbt.com\/index.php?rest_route=\/wp\/v2\/types\/page"}],"author":[{"embeddable":true,"href":"https:\/\/sistemasrbt.com\/index.php?rest_route=\/wp\/v2\/users\/1"}],"replies":[{"embeddable":true,"href":"https:\/\/sistemasrbt.com\/index.php?rest_route=%2Fwp%2Fv2%2Fcomments&post=6"}],"version-history":[{"count":27,"href":"https:\/\/sistemasrbt.com\/index.php?rest_route=\/wp\/v2\/pages\/6\/revisions"}],"predecessor-version":[{"id":458,"href":"https:\/\/sistemasrbt.com\/index.php?rest_route=\/wp\/v2\/pages\/6\/revisions\/458"}],"wp:attachment":[{"href":"https:\/\/sistemasrbt.com\/index.php?rest_route=%2Fwp%2Fv2%2Fmedia&parent=6"}],"curies":[{"name":"wp","href":"https:\/\/api.w.org\/{rel}","templated":true}]}}